{"id":982,"date":"2023-05-04T11:00:57","date_gmt":"2023-05-04T09:00:57","guid":{"rendered":"http:\/\/webpl.e-kei.pl\/wellnessoase\/?page_id=982"},"modified":"2024-11-18T16:09:04","modified_gmt":"2024-11-18T15:09:04","slug":"hygiene","status":"publish","type":"page","link":"https:\/\/wellnessoase-mannheim.de\/pl\/hygiene\/","title":{"rendered":"Higiena"},"content":{"rendered":"<div data-elementor-type=\"wp-page\" data-elementor-id=\"982\" class=\"elementor elementor-982\" data-elementor-post-type=\"page\">\n\t\t\t\t\t\t<section class=\"elementor-section elementor-top-section elementor-element elementor-element-5b828e3 elementor-section-boxed elementor-section-height-default elementor-section-height-default\" data-id=\"5b828e3\" data-element_type=\"section\" data-settings=\"{&quot;background_background&quot;:&quot;classic&quot;}\">\n\t\t\t\t\t\t\t<div class=\"elementor-background-overlay\"><\/div>\n\t\t\t\t\t\t\t<div class=\"elementor-container elementor-column-gap-no\">\n\t\t\t\t\t<div class=\"elementor-column elementor-col-100 elementor-top-column elementor-element elementor-element-73f9b90\" data-id=\"73f9b90\" data-element_type=\"column\">\n\t\t\t<div class=\"elementor-widget-wrap elementor-element-populated\">\n\t\t\t\t\t\t<div class=\"elementor-element elementor-element-6cb9832 elementor-widget elementor-widget-heading\" data-id=\"6cb9832\" data-element_type=\"widget\" data-widget_type=\"heading.default\">\n\t\t\t\t<div class=\"elementor-widget-container\">\n\t\t\t\t\t<h1 class=\"elementor-heading-title elementor-size-default\">HIGIENA<\/h1>\t\t\t\t<\/div>\n\t\t\t\t<\/div>\n\t\t\t\t\t<\/div>\n\t\t<\/div>\n\t\t\t\t\t<\/div>\n\t\t<\/section>\n\t\t\t\t<section class=\"elementor-section elementor-top-section elementor-element elementor-element-854b221 elementor-section-boxed elementor-section-height-default elementor-section-height-default\" data-id=\"854b221\" data-element_type=\"section\" data-settings=\"{&quot;background_background&quot;:&quot;classic&quot;}\">\n\t\t\t\t\t\t<div class=\"elementor-container elementor-column-gap-default\">\n\t\t\t\t\t<div class=\"elementor-column elementor-col-100 elementor-top-column elementor-element elementor-element-0bfce40\" data-id=\"0bfce40\" data-element_type=\"column\">\n\t\t\t<div class=\"elementor-widget-wrap elementor-element-populated\">\n\t\t\t\t\t\t<div class=\"elementor-element elementor-element-b5916a0 elementor-widget elementor-widget-heading\" data-id=\"b5916a0\" data-element_type=\"widget\" data-widget_type=\"heading.default\">\n\t\t\t\t<div class=\"elementor-widget-container\">\n\t\t\t\t\t<h2 class=\"elementor-heading-title elementor-size-default\">HIGIENA<\/h2>\t\t\t\t<\/div>\n\t\t\t\t<\/div>\n\t\t\t\t<div class=\"elementor-element elementor-element-97d82c1 elementor-widget elementor-widget-text-editor\" data-id=\"97d82c1\" data-element_type=\"widget\" data-widget_type=\"text-editor.default\">\n\t\t\t\t<div class=\"elementor-widget-container\">\n\t\t\t\t\t\t\t\t\t<p>Salon Wellness Oase wyposa\u017cony jest w dwie nowoczesne \u0142azienki i posiada dwie kabiny prysznicowe, w kt\u00f3rych klient mo\u017ce od\u015bwie\u017cy\u0107 si\u0119 przed i po masa\u017cu. Dostarczamy naszym klientom jednorazowe r\u0119czniki, klapki, \u017cele pod prysznic, antyperspiranty.<br \/>Nie musisz martwi\u0107 si\u0119 o przygotowania do masa\u017cu, poniewa\u017c na miejscu zapewnimy Ci wszystko, czego potrzebujesz. U\u017cywamy jednorazowych prze\u015bcierade\u0142. Dbamy o higien\u0119 we wszystkich aspektach i przestrzegamy zalece\u0144 wynikaj\u0105cych z pandemii koronawirusa COVID-19. Dla wi\u0119kszego komfortu i bezpiecze\u0144stwa podj\u0119li\u015bmy niezb\u0119dne \u015brodki ostro\u017cno\u015bci, aby zminimalizowa\u0107 ryzyko infekcji.<br \/>Zaraz przy wej\u015bciu jest stacja dezynfekcji r\u0105k. W razie potrzeby przeprowadzimy szybki test COVID-19. W pokojach dost\u0119pne s\u0105 jednorazowe maski, dezynfekcje do r\u0105k, po ka\u017cdym masa\u017cu pomieszczenie jest dezynfekowane.<br \/>Z powa\u017caniem Wellness Oase<\/p>\t\t\t\t\t\t\t\t<\/div>\n\t\t\t\t<\/div>\n\t\t\t\t\t<\/div>\n\t\t<\/div>\n\t\t\t\t\t<\/div>\n\t\t<\/section>\n\t\t\t\t<\/div>","protected":false},"excerpt":{"rendered":"<p>HYGIENE HYGIENE Die Wellness Oase ist mit zwei modernen B\u00e4dern ausgestattet und verf\u00fcgt \u00fcber zwei Duschkabinen, in denen sich der Kunde vor und nach der Massage erfrischen kann. Wir liefern unseren Kunden Einweghandt\u00fccher, Flip-Flops, Duschgels, Antitranspirantien.Sie m\u00fcssen sich keine Gedanken \u00fcber die Massagevorbereitungen machen, da wir vor Ort alles bieten, was Sie brauchen. Wir benutzen &hellip;<\/p>\n<p class=\"read-more\"> <a class=\"\" href=\"https:\/\/wellnessoase-mannheim.de\/pl\/hygiene\/\"> <span class=\"screen-reader-text\">Higiena<\/span> Read More \u00bb<\/a><\/p>","protected":false},"author":1,"featured_media":0,"parent":0,"menu_order":0,"comment_status":"closed","ping_status":"closed","template":"","meta":{"site-sidebar-layout":"no-sidebar","site-content-layout":"page-builder","ast-global-header-display":"","ast-main-header-display":"","ast-hfb-above-header-display":"","ast-hfb-below-header-display":"","ast-hfb-mobile-header-display":"","site-post-title":"disabled","ast-breadcrumbs-content":"disabled","ast-featured-img":"disabled","footer-sml-layout":"","theme-transparent-header-meta":"enabled","adv-header-id-meta":"","stick-header-meta":"default","header-above-stick-meta":"","header-main-stick-meta":"","header-below-stick-meta":"","_glsr_average":0,"_glsr_ranking":0,"_glsr_reviews":0,"footnotes":""},"class_list":["post-982","page","type-page","status-publish","hentry"],"yoast_head":"<!-- This site is optimized with the Yoast SEO plugin v26.4 - https:\/\/yoast.com\/wordpress\/plugins\/seo\/ -->\n<title>Hygiene - WellnessOase - Erotik Massagen in Mannheim<\/title>\n<meta name=\"robots\" content=\"index, follow, max-snippet:-1, max-image-preview:large, max-video-preview:-1\" \/>\n<link rel=\"canonical\" href=\"https:\/\/wellnessoase-mannheim.de\/pl\/hygiene\/\" \/>\n<meta property=\"og:locale\" content=\"pl_PL\" \/>\n<meta property=\"og:type\" content=\"article\" \/>\n<meta property=\"og:title\" content=\"Hygiene - WellnessOase - Erotik Massagen in Mannheim\" \/>\n<meta property=\"og:description\" content=\"HYGIENE HYGIENE Die Wellness Oase ist mit zwei modernen B\u00e4dern ausgestattet und verf\u00fcgt \u00fcber zwei Duschkabinen, in denen sich der Kunde vor und nach der Massage erfrischen kann. Wir liefern unseren Kunden Einweghandt\u00fccher, Flip-Flops, Duschgels, Antitranspirantien.Sie m\u00fcssen sich keine Gedanken \u00fcber die Massagevorbereitungen machen, da wir vor Ort alles bieten, was Sie brauchen. Wir benutzen &hellip; Hygiene Read More \u00bb\" \/>\n<meta property=\"og:url\" content=\"https:\/\/wellnessoase-mannheim.de\/pl\/hygiene\/\" \/>\n<meta property=\"og:site_name\" content=\"WellnessOase - Erotik Massagen in Mannheim\" \/>\n<meta property=\"article:modified_time\" content=\"2024-11-18T15:09:04+00:00\" \/>\n<meta name=\"twitter:card\" content=\"summary_large_image\" \/>\n<meta name=\"twitter:label1\" content=\"Szacowany czas czytania\" \/>\n\t<meta name=\"twitter:data1\" content=\"1 minuta\" \/>\n<script type=\"application\/ld+json\" class=\"yoast-schema-graph\">{\"@context\":\"https:\/\/schema.org\",\"@graph\":[{\"@type\":\"WebPage\",\"@id\":\"https:\/\/wellnessoase-mannheim.de\/hygiene\/\",\"url\":\"https:\/\/wellnessoase-mannheim.de\/hygiene\/\",\"name\":\"Hygiene - WellnessOase - Erotik Massagen in Mannheim\",\"isPartOf\":{\"@id\":\"https:\/\/wellnessoase-mannheim.de\/#website\"},\"datePublished\":\"2023-05-04T09:00:57+00:00\",\"dateModified\":\"2024-11-18T15:09:04+00:00\",\"breadcrumb\":{\"@id\":\"https:\/\/wellnessoase-mannheim.de\/hygiene\/#breadcrumb\"},\"inLanguage\":\"pl-PL\",\"potentialAction\":[{\"@type\":\"ReadAction\",\"target\":[\"https:\/\/wellnessoase-mannheim.de\/hygiene\/\"]}]},{\"@type\":\"BreadcrumbList\",\"@id\":\"https:\/\/wellnessoase-mannheim.de\/hygiene\/#breadcrumb\",\"itemListElement\":[{\"@type\":\"ListItem\",\"position\":1,\"name\":\"Strona g\u0142\u00f3wna\",\"item\":\"https:\/\/wellnessoase-mannheim.de\/\"},{\"@type\":\"ListItem\",\"position\":2,\"name\":\"Hygiene\"}]},{\"@type\":\"WebSite\",\"@id\":\"https:\/\/wellnessoase-mannheim.de\/#website\",\"url\":\"https:\/\/wellnessoase-mannheim.de\/\",\"name\":\"WellnessOase - Erotik Massagen in Mannheim\",\"description\":\"\",\"publisher\":{\"@id\":\"https:\/\/wellnessoase-mannheim.de\/#organization\"},\"potentialAction\":[{\"@type\":\"SearchAction\",\"target\":{\"@type\":\"EntryPoint\",\"urlTemplate\":\"https:\/\/wellnessoase-mannheim.de\/?s={search_term_string}\"},\"query-input\":{\"@type\":\"PropertyValueSpecification\",\"valueRequired\":true,\"valueName\":\"search_term_string\"}}],\"inLanguage\":\"pl-PL\"},{\"@type\":\"Organization\",\"@id\":\"https:\/\/wellnessoase-mannheim.de\/#organization\",\"name\":\"WellnessOase - Erotik Massagen in Mannheim\",\"url\":\"https:\/\/wellnessoase-mannheim.de\/\",\"logo\":{\"@type\":\"ImageObject\",\"inLanguage\":\"pl-PL\",\"@id\":\"https:\/\/wellnessoase-mannheim.de\/#\/schema\/logo\/image\/\",\"url\":\"https:\/\/wellnessoase-mannheim.de\/wp-content\/uploads\/2023\/12\/logo-winter.png\",\"contentUrl\":\"https:\/\/wellnessoase-mannheim.de\/wp-content\/uploads\/2023\/12\/logo-winter.png\",\"width\":175,\"height\":129,\"caption\":\"WellnessOase - Erotik Massagen in Mannheim\"},\"image\":{\"@id\":\"https:\/\/wellnessoase-mannheim.de\/#\/schema\/logo\/image\/\"}}]}<\/script>\n<!-- \/ Yoast SEO plugin. -->","yoast_head_json":{"title":"Hygiene - WellnessOase - Erotik Massagen in Mannheim","robots":{"index":"index","follow":"follow","max-snippet":"max-snippet:-1","max-image-preview":"max-image-preview:large","max-video-preview":"max-video-preview:-1"},"canonical":"https:\/\/wellnessoase-mannheim.de\/pl\/hygiene\/","og_locale":"pl_PL","og_type":"article","og_title":"Hygiene - WellnessOase - Erotik Massagen in Mannheim","og_description":"HYGIENE HYGIENE Die Wellness Oase ist mit zwei modernen B\u00e4dern ausgestattet und verf\u00fcgt \u00fcber zwei Duschkabinen, in denen sich der Kunde vor und nach der Massage erfrischen kann. Wir liefern unseren Kunden Einweghandt\u00fccher, Flip-Flops, Duschgels, Antitranspirantien.Sie m\u00fcssen sich keine Gedanken \u00fcber die Massagevorbereitungen machen, da wir vor Ort alles bieten, was Sie brauchen. Wir benutzen &hellip; Hygiene Read More \u00bb","og_url":"https:\/\/wellnessoase-mannheim.de\/pl\/hygiene\/","og_site_name":"WellnessOase - Erotik Massagen in Mannheim","article_modified_time":"2024-11-18T15:09:04+00:00","twitter_card":"summary_large_image","twitter_misc":{"Szacowany czas czytania":"1 minuta"},"schema":{"@context":"https:\/\/schema.org","@graph":[{"@type":"WebPage","@id":"https:\/\/wellnessoase-mannheim.de\/hygiene\/","url":"https:\/\/wellnessoase-mannheim.de\/hygiene\/","name":"Hygiene - WellnessOase - Erotik Massagen in Mannheim","isPartOf":{"@id":"https:\/\/wellnessoase-mannheim.de\/#website"},"datePublished":"2023-05-04T09:00:57+00:00","dateModified":"2024-11-18T15:09:04+00:00","breadcrumb":{"@id":"https:\/\/wellnessoase-mannheim.de\/hygiene\/#breadcrumb"},"inLanguage":"pl-PL","potentialAction":[{"@type":"ReadAction","target":["https:\/\/wellnessoase-mannheim.de\/hygiene\/"]}]},{"@type":"BreadcrumbList","@id":"https:\/\/wellnessoase-mannheim.de\/hygiene\/#breadcrumb","itemListElement":[{"@type":"ListItem","position":1,"name":"Strona g\u0142\u00f3wna","item":"https:\/\/wellnessoase-mannheim.de\/"},{"@type":"ListItem","position":2,"name":"Hygiene"}]},{"@type":"WebSite","@id":"https:\/\/wellnessoase-mannheim.de\/#website","url":"https:\/\/wellnessoase-mannheim.de\/","name":"WellnessOase - Erotik Massagen in Mannheim","description":"","publisher":{"@id":"https:\/\/wellnessoase-mannheim.de\/#organization"},"potentialAction":[{"@type":"SearchAction","target":{"@type":"EntryPoint","urlTemplate":"https:\/\/wellnessoase-mannheim.de\/?s={search_term_string}"},"query-input":{"@type":"PropertyValueSpecification","valueRequired":true,"valueName":"search_term_string"}}],"inLanguage":"pl-PL"},{"@type":"Organization","@id":"https:\/\/wellnessoase-mannheim.de\/#organization","name":"WellnessOase - Erotik Massagen in Mannheim","url":"https:\/\/wellnessoase-mannheim.de\/","logo":{"@type":"ImageObject","inLanguage":"pl-PL","@id":"https:\/\/wellnessoase-mannheim.de\/#\/schema\/logo\/image\/","url":"https:\/\/wellnessoase-mannheim.de\/wp-content\/uploads\/2023\/12\/logo-winter.png","contentUrl":"https:\/\/wellnessoase-mannheim.de\/wp-content\/uploads\/2023\/12\/logo-winter.png","width":175,"height":129,"caption":"WellnessOase - Erotik Massagen in Mannheim"},"image":{"@id":"https:\/\/wellnessoase-mannheim.de\/#\/schema\/logo\/image\/"}}]}},"rttpg_featured_image_url":null,"rttpg_author":{"display_name":"wellnessoase","author_link":"https:\/\/wellnessoase-mannheim.de\/pl\/author\/wellnessoase\/"},"rttpg_comment":0,"rttpg_category":null,"rttpg_excerpt":"HYGIENE HYGIENE Die Wellness Oase ist mit zwei modernen B\u00e4dern ausgestattet und verf\u00fcgt \u00fcber zwei Duschkabinen, in denen sich der Kunde vor und nach der Massage erfrischen kann. Wir liefern unseren Kunden Einweghandt\u00fccher, Flip-Flops, Duschgels, Antitranspirantien.Sie m\u00fcssen sich keine Gedanken \u00fcber die Massagevorbereitungen machen, da wir vor Ort alles bieten, was Sie brauchen. Wir benutzen&hellip;","_links":{"self":[{"href":"https:\/\/wellnessoase-mannheim.de\/pl\/wp-json\/wp\/v2\/pages\/982","targetHints":{"allow":["GET"]}}],"collection":[{"href":"https:\/\/wellnessoase-mannheim.de\/pl\/wp-json\/wp\/v2\/pages"}],"about":[{"href":"https:\/\/wellnessoase-mannheim.de\/pl\/wp-json\/wp\/v2\/types\/page"}],"author":[{"embeddable":true,"href":"https:\/\/wellnessoase-mannheim.de\/pl\/wp-json\/wp\/v2\/users\/1"}],"replies":[{"embeddable":true,"href":"https:\/\/wellnessoase-mannheim.de\/pl\/wp-json\/wp\/v2\/comments?post=982"}],"version-history":[{"count":0,"href":"https:\/\/wellnessoase-mannheim.de\/pl\/wp-json\/wp\/v2\/pages\/982\/revisions"}],"wp:attachment":[{"href":"https:\/\/wellnessoase-mannheim.de\/pl\/wp-json\/wp\/v2\/media?parent=982"}],"curies":[{"name":"wp","href":"https:\/\/api.w.org\/{rel}","templated":true}]}}