{"id":973,"date":"2023-05-04T10:57:25","date_gmt":"2023-05-04T08:57:25","guid":{"rendered":"http:\/\/webpl.e-kei.pl\/wellnessoase\/?page_id=973"},"modified":"2024-11-18T16:07:14","modified_gmt":"2024-11-18T15:07:14","slug":"vorschriften","status":"publish","type":"page","link":"https:\/\/wellnessoase-mannheim.de\/pl\/vorschriften\/","title":{"rendered":"Regulamin"},"content":{"rendered":"<div data-elementor-type=\"wp-page\" data-elementor-id=\"973\" class=\"elementor elementor-973\" data-elementor-post-type=\"page\">\n\t\t\t\t\t\t<section class=\"elementor-section elementor-top-section elementor-element elementor-element-5b828e3 elementor-section-boxed elementor-section-height-default elementor-section-height-default\" data-id=\"5b828e3\" data-element_type=\"section\" data-settings=\"{&quot;background_background&quot;:&quot;classic&quot;}\">\n\t\t\t\t\t\t\t<div class=\"elementor-background-overlay\"><\/div>\n\t\t\t\t\t\t\t<div class=\"elementor-container elementor-column-gap-no\">\n\t\t\t\t\t<div class=\"elementor-column elementor-col-100 elementor-top-column elementor-element elementor-element-73f9b90\" data-id=\"73f9b90\" data-element_type=\"column\">\n\t\t\t<div class=\"elementor-widget-wrap elementor-element-populated\">\n\t\t\t\t\t\t<div class=\"elementor-element elementor-element-6cb9832 elementor-widget elementor-widget-heading\" data-id=\"6cb9832\" data-element_type=\"widget\" data-widget_type=\"heading.default\">\n\t\t\t\t<div class=\"elementor-widget-container\">\n\t\t\t\t\t<h1 class=\"elementor-heading-title elementor-size-default\">Regulamin<\/h1>\t\t\t\t<\/div>\n\t\t\t\t<\/div>\n\t\t\t\t\t<\/div>\n\t\t<\/div>\n\t\t\t\t\t<\/div>\n\t\t<\/section>\n\t\t\t\t<section class=\"elementor-section elementor-top-section elementor-element elementor-element-854b221 elementor-section-boxed elementor-section-height-default elementor-section-height-default\" data-id=\"854b221\" data-element_type=\"section\" data-settings=\"{&quot;background_background&quot;:&quot;classic&quot;}\">\n\t\t\t\t\t\t<div class=\"elementor-container elementor-column-gap-default\">\n\t\t\t\t\t<div class=\"elementor-column elementor-col-100 elementor-top-column elementor-element elementor-element-0bfce40\" data-id=\"0bfce40\" data-element_type=\"column\">\n\t\t\t<div class=\"elementor-widget-wrap elementor-element-populated\">\n\t\t\t\t\t\t<div class=\"elementor-element elementor-element-83cca67 elementor-widget elementor-widget-heading\" data-id=\"83cca67\" data-element_type=\"widget\" data-widget_type=\"heading.default\">\n\t\t\t\t<div class=\"elementor-widget-container\">\n\t\t\t\t\t<h4 class=\"elementor-heading-title elementor-size-default\">PRZECZYTAJ NASZ<\/h4>\t\t\t\t<\/div>\n\t\t\t\t<\/div>\n\t\t\t\t<div class=\"elementor-element elementor-element-b5916a0 elementor-widget elementor-widget-heading\" data-id=\"b5916a0\" data-element_type=\"widget\" data-widget_type=\"heading.default\">\n\t\t\t\t<div class=\"elementor-widget-container\">\n\t\t\t\t\t<h2 class=\"elementor-heading-title elementor-size-default\">Regulamin<\/h2>\t\t\t\t<\/div>\n\t\t\t\t<\/div>\n\t\t\t\t<div class=\"elementor-element elementor-element-97d82c1 elementor-widget elementor-widget-text-editor\" data-id=\"97d82c1\" data-element_type=\"widget\" data-widget_type=\"text-editor.default\">\n\t\t\t\t<div class=\"elementor-widget-container\">\n\t\t\t\t\t\t\t\t\t<ol><li>Korzystanie z us\u0142ug masa\u017cu r\u00f3wnocze\u015bnie wi\u0105\u017ce si\u0119 i\u017c klient zapozna\u0142 si\u0119 i zaakceptowa\u0142 warunki niniejszego regulaminu.<\/li><li>Klient korzystaj\u0105cy z us\u0142ug Salonu Wellness Oase musi by\u0107 osob\u0105 pe\u0142noletni\u0105.<\/li><li>Rezerwacja masa\u017cu odbywa si\u0119 telefonicznie.<\/li><li>W trosce o wysok\u0105 jako\u015b\u0107 w salonie Wellness Oase klient jest zobowi\u0105zany przyj\u015b\u0107 5 min. przed um\u00f3wion\u0105 godzin\u0105 w celu przygotowania si\u0119 do masa\u017cu.<\/li><li>Klient ma prawo powiadomi\u0107 personel o sp\u00f3\u017anieniu si\u0119 na masa\u017c.<\/li><li>Masa\u017cystka ma prawo odm\u00f3wi\u0107 masa\u017cu gdy klient jest pod wp\u0142ywem alkoholu lub \u015brodk\u00f3w odurzaj\u0105cych, zachowuje si\u0119 nie adekwatnie do wykonywanego masa\u017cu, masa\u017c mo\u017ce zako\u0144czy\u0107 si\u0119 przed czasem.<\/li><li>Klient ma obowi\u0105zek uregulowa\u0107 ca\u0142\u0105 nale\u017cno\u015b\u0107 za masa\u017c przed wykonanym masa\u017cem.<\/li><li>Osoby dzwoni\u0105ce z numer\u00f3w prywatnych proszone s\u0105 o numer kontaktowy.<\/li><li>W salonie masa\u017cu nale\u017cy dostosowa\u0107 si\u0119 do polece\u0144 personelu.<\/li><li>Za zniszczenia maj\u0105tku Wellness Oase spowodowane dzia\u0142aniem klienta ponoszona jest przez Niego pe\u0142na odpowiedzialno\u015b\u0107 finansowa.<\/li><li>Salon nie ponosi odpowiedzialno\u015bci za b\u0119d\u0105ce w\u0142asno\u015bci\u0105 klienta przedmioty pozostawione bez nadzoru, w tym za ich zgubienie b\u0105d\u017a uszkodzenie.<\/li><li>Na terenie salonu zabrania si\u0119: wnoszenia i\/lub spo\u017cywania alkoholu, wnoszenia urz\u0105dze\u0144 rejestruj\u0105cych d\u017awi\u0119k lub obraz, u\u017cywania narkotyk\u00f3w lub innych \u015brodk\u00f3w odurzaj\u0105cych, handlu i akwizycji, g\u0142o\u015bnego i niekulturalnego zachowania.<\/li><li>Wszelkie sytuacje mog\u0105ce stwarza\u0107 zagro\u017cenie dla zdrowia nale\u017cy zg\u0142asza\u0107 do kierownictwa.<\/li><li>Niniejszy regulamin dotyczy zasad korzystania z zabieg\u00f3w w Salonie Wellness Oase.<\/li><\/ol>\t\t\t\t\t\t\t\t<\/div>\n\t\t\t\t<\/div>\n\t\t\t\t\t<\/div>\n\t\t<\/div>\n\t\t\t\t\t<\/div>\n\t\t<\/section>\n\t\t\t\t<\/div>","protected":false},"excerpt":{"rendered":"<p>VORSCHRIFTEN LESEN SIE UNSER VORSCHRIFTEN Die Inanspruchnahme der Dienstleistungen der Massage setzt gleichzeitig voraus, dass der Klient die Bedingungen dieses Reglements gelesen und akzeptiert hat. Ein Kunde, der die Dienstleistungen von Oase Wellness Salon in Anspruch nimmt, muss vollj\u00e4hrig sein. Massage-Reservierungen werden telefonisch vorgenommen. Im Interesse einer hohen Qualit\u00e4t in der Oase Wellness Lounge wird &hellip;<\/p>\n<p class=\"read-more\"> <a class=\"\" href=\"https:\/\/wellnessoase-mannheim.de\/pl\/vorschriften\/\"> <span class=\"screen-reader-text\">Regulamin<\/span> Read More \u00bb<\/a><\/p>","protected":false},"author":1,"featured_media":0,"parent":0,"menu_order":0,"comment_status":"closed","ping_status":"closed","template":"","meta":{"site-sidebar-layout":"no-sidebar","site-content-layout":"page-builder","ast-global-header-display":"","ast-main-header-display":"","ast-hfb-above-header-display":"","ast-hfb-below-header-display":"","ast-hfb-mobile-header-display":"","site-post-title":"disabled","ast-breadcrumbs-content":"disabled","ast-featured-img":"disabled","footer-sml-layout":"","theme-transparent-header-meta":"enabled","adv-header-id-meta":"","stick-header-meta":"default","header-above-stick-meta":"","header-main-stick-meta":"","header-below-stick-meta":"","_glsr_average":0,"_glsr_ranking":0,"_glsr_reviews":0,"footnotes":""},"class_list":["post-973","page","type-page","status-publish","hentry"],"yoast_head":"<!-- This site is optimized with the Yoast SEO plugin v26.4 - https:\/\/yoast.com\/wordpress\/plugins\/seo\/ -->\n<title>VORSCHRIFTEN - WellnessOase - Erotik Massagen in Mannheim<\/title>\n<meta name=\"robots\" content=\"index, follow, max-snippet:-1, max-image-preview:large, max-video-preview:-1\" \/>\n<link rel=\"canonical\" href=\"https:\/\/wellnessoase-mannheim.de\/pl\/vorschriften\/\" \/>\n<meta property=\"og:locale\" content=\"pl_PL\" \/>\n<meta property=\"og:type\" content=\"article\" \/>\n<meta property=\"og:title\" content=\"VORSCHRIFTEN - WellnessOase - Erotik Massagen in Mannheim\" \/>\n<meta property=\"og:description\" content=\"VORSCHRIFTEN LESEN SIE UNSER VORSCHRIFTEN Die Inanspruchnahme der Dienstleistungen der Massage setzt gleichzeitig voraus, dass der Klient die Bedingungen dieses Reglements gelesen und akzeptiert hat. Ein Kunde, der die Dienstleistungen von Oase Wellness Salon in Anspruch nimmt, muss vollj\u00e4hrig sein. Massage-Reservierungen werden telefonisch vorgenommen. Im Interesse einer hohen Qualit\u00e4t in der Oase Wellness Lounge wird &hellip; VORSCHRIFTEN Read More \u00bb\" \/>\n<meta property=\"og:url\" content=\"https:\/\/wellnessoase-mannheim.de\/pl\/vorschriften\/\" \/>\n<meta property=\"og:site_name\" content=\"WellnessOase - Erotik Massagen in Mannheim\" \/>\n<meta property=\"article:modified_time\" content=\"2024-11-18T15:07:14+00:00\" \/>\n<meta name=\"twitter:card\" content=\"summary_large_image\" \/>\n<meta name=\"twitter:label1\" content=\"Szacowany czas czytania\" \/>\n\t<meta name=\"twitter:data1\" content=\"2 minuty\" \/>\n<script type=\"application\/ld+json\" class=\"yoast-schema-graph\">{\"@context\":\"https:\/\/schema.org\",\"@graph\":[{\"@type\":\"WebPage\",\"@id\":\"https:\/\/wellnessoase-mannheim.de\/vorschriften\/\",\"url\":\"https:\/\/wellnessoase-mannheim.de\/vorschriften\/\",\"name\":\"VORSCHRIFTEN - WellnessOase - Erotik Massagen in Mannheim\",\"isPartOf\":{\"@id\":\"https:\/\/wellnessoase-mannheim.de\/#website\"},\"datePublished\":\"2023-05-04T08:57:25+00:00\",\"dateModified\":\"2024-11-18T15:07:14+00:00\",\"breadcrumb\":{\"@id\":\"https:\/\/wellnessoase-mannheim.de\/vorschriften\/#breadcrumb\"},\"inLanguage\":\"pl-PL\",\"potentialAction\":[{\"@type\":\"ReadAction\",\"target\":[\"https:\/\/wellnessoase-mannheim.de\/vorschriften\/\"]}]},{\"@type\":\"BreadcrumbList\",\"@id\":\"https:\/\/wellnessoase-mannheim.de\/vorschriften\/#breadcrumb\",\"itemListElement\":[{\"@type\":\"ListItem\",\"position\":1,\"name\":\"Strona g\u0142\u00f3wna\",\"item\":\"https:\/\/wellnessoase-mannheim.de\/\"},{\"@type\":\"ListItem\",\"position\":2,\"name\":\"VORSCHRIFTEN\"}]},{\"@type\":\"WebSite\",\"@id\":\"https:\/\/wellnessoase-mannheim.de\/#website\",\"url\":\"https:\/\/wellnessoase-mannheim.de\/\",\"name\":\"WellnessOase - Erotik Massagen in Mannheim\",\"description\":\"\",\"publisher\":{\"@id\":\"https:\/\/wellnessoase-mannheim.de\/#organization\"},\"potentialAction\":[{\"@type\":\"SearchAction\",\"target\":{\"@type\":\"EntryPoint\",\"urlTemplate\":\"https:\/\/wellnessoase-mannheim.de\/?s={search_term_string}\"},\"query-input\":{\"@type\":\"PropertyValueSpecification\",\"valueRequired\":true,\"valueName\":\"search_term_string\"}}],\"inLanguage\":\"pl-PL\"},{\"@type\":\"Organization\",\"@id\":\"https:\/\/wellnessoase-mannheim.de\/#organization\",\"name\":\"WellnessOase - Erotik Massagen in Mannheim\",\"url\":\"https:\/\/wellnessoase-mannheim.de\/\",\"logo\":{\"@type\":\"ImageObject\",\"inLanguage\":\"pl-PL\",\"@id\":\"https:\/\/wellnessoase-mannheim.de\/#\/schema\/logo\/image\/\",\"url\":\"https:\/\/wellnessoase-mannheim.de\/wp-content\/uploads\/2023\/12\/logo-winter.png\",\"contentUrl\":\"https:\/\/wellnessoase-mannheim.de\/wp-content\/uploads\/2023\/12\/logo-winter.png\",\"width\":175,\"height\":129,\"caption\":\"WellnessOase - Erotik Massagen in Mannheim\"},\"image\":{\"@id\":\"https:\/\/wellnessoase-mannheim.de\/#\/schema\/logo\/image\/\"}}]}<\/script>\n<!-- \/ Yoast SEO plugin. -->","yoast_head_json":{"title":"VORSCHRIFTEN - WellnessOase - Erotik Massagen in Mannheim","robots":{"index":"index","follow":"follow","max-snippet":"max-snippet:-1","max-image-preview":"max-image-preview:large","max-video-preview":"max-video-preview:-1"},"canonical":"https:\/\/wellnessoase-mannheim.de\/pl\/vorschriften\/","og_locale":"pl_PL","og_type":"article","og_title":"VORSCHRIFTEN - WellnessOase - Erotik Massagen in Mannheim","og_description":"VORSCHRIFTEN LESEN SIE UNSER VORSCHRIFTEN Die Inanspruchnahme der Dienstleistungen der Massage setzt gleichzeitig voraus, dass der Klient die Bedingungen dieses Reglements gelesen und akzeptiert hat. Ein Kunde, der die Dienstleistungen von Oase Wellness Salon in Anspruch nimmt, muss vollj\u00e4hrig sein. Massage-Reservierungen werden telefonisch vorgenommen. Im Interesse einer hohen Qualit\u00e4t in der Oase Wellness Lounge wird &hellip; VORSCHRIFTEN Read More \u00bb","og_url":"https:\/\/wellnessoase-mannheim.de\/pl\/vorschriften\/","og_site_name":"WellnessOase - Erotik Massagen in Mannheim","article_modified_time":"2024-11-18T15:07:14+00:00","twitter_card":"summary_large_image","twitter_misc":{"Szacowany czas czytania":"2 minuty"},"schema":{"@context":"https:\/\/schema.org","@graph":[{"@type":"WebPage","@id":"https:\/\/wellnessoase-mannheim.de\/vorschriften\/","url":"https:\/\/wellnessoase-mannheim.de\/vorschriften\/","name":"VORSCHRIFTEN - WellnessOase - Erotik Massagen in Mannheim","isPartOf":{"@id":"https:\/\/wellnessoase-mannheim.de\/#website"},"datePublished":"2023-05-04T08:57:25+00:00","dateModified":"2024-11-18T15:07:14+00:00","breadcrumb":{"@id":"https:\/\/wellnessoase-mannheim.de\/vorschriften\/#breadcrumb"},"inLanguage":"pl-PL","potentialAction":[{"@type":"ReadAction","target":["https:\/\/wellnessoase-mannheim.de\/vorschriften\/"]}]},{"@type":"BreadcrumbList","@id":"https:\/\/wellnessoase-mannheim.de\/vorschriften\/#breadcrumb","itemListElement":[{"@type":"ListItem","position":1,"name":"Strona g\u0142\u00f3wna","item":"https:\/\/wellnessoase-mannheim.de\/"},{"@type":"ListItem","position":2,"name":"VORSCHRIFTEN"}]},{"@type":"WebSite","@id":"https:\/\/wellnessoase-mannheim.de\/#website","url":"https:\/\/wellnessoase-mannheim.de\/","name":"WellnessOase - Erotik Massagen in Mannheim","description":"","publisher":{"@id":"https:\/\/wellnessoase-mannheim.de\/#organization"},"potentialAction":[{"@type":"SearchAction","target":{"@type":"EntryPoint","urlTemplate":"https:\/\/wellnessoase-mannheim.de\/?s={search_term_string}"},"query-input":{"@type":"PropertyValueSpecification","valueRequired":true,"valueName":"search_term_string"}}],"inLanguage":"pl-PL"},{"@type":"Organization","@id":"https:\/\/wellnessoase-mannheim.de\/#organization","name":"WellnessOase - Erotik Massagen in Mannheim","url":"https:\/\/wellnessoase-mannheim.de\/","logo":{"@type":"ImageObject","inLanguage":"pl-PL","@id":"https:\/\/wellnessoase-mannheim.de\/#\/schema\/logo\/image\/","url":"https:\/\/wellnessoase-mannheim.de\/wp-content\/uploads\/2023\/12\/logo-winter.png","contentUrl":"https:\/\/wellnessoase-mannheim.de\/wp-content\/uploads\/2023\/12\/logo-winter.png","width":175,"height":129,"caption":"WellnessOase - Erotik Massagen in Mannheim"},"image":{"@id":"https:\/\/wellnessoase-mannheim.de\/#\/schema\/logo\/image\/"}}]}},"rttpg_featured_image_url":null,"rttpg_author":{"display_name":"wellnessoase","author_link":"https:\/\/wellnessoase-mannheim.de\/pl\/author\/wellnessoase\/"},"rttpg_comment":0,"rttpg_category":null,"rttpg_excerpt":"VORSCHRIFTEN LESEN SIE UNSER VORSCHRIFTEN Die Inanspruchnahme der Dienstleistungen der Massage setzt gleichzeitig voraus, dass der Klient die Bedingungen dieses Reglements gelesen und akzeptiert hat. Ein Kunde, der die Dienstleistungen von Oase Wellness Salon in Anspruch nimmt, muss vollj\u00e4hrig sein. Massage-Reservierungen werden telefonisch vorgenommen. Im Interesse einer hohen Qualit\u00e4t in der Oase Wellness Lounge wird&hellip;","_links":{"self":[{"href":"https:\/\/wellnessoase-mannheim.de\/pl\/wp-json\/wp\/v2\/pages\/973","targetHints":{"allow":["GET"]}}],"collection":[{"href":"https:\/\/wellnessoase-mannheim.de\/pl\/wp-json\/wp\/v2\/pages"}],"about":[{"href":"https:\/\/wellnessoase-mannheim.de\/pl\/wp-json\/wp\/v2\/types\/page"}],"author":[{"embeddable":true,"href":"https:\/\/wellnessoase-mannheim.de\/pl\/wp-json\/wp\/v2\/users\/1"}],"replies":[{"embeddable":true,"href":"https:\/\/wellnessoase-mannheim.de\/pl\/wp-json\/wp\/v2\/comments?post=973"}],"version-history":[{"count":0,"href":"https:\/\/wellnessoase-mannheim.de\/pl\/wp-json\/wp\/v2\/pages\/973\/revisions"}],"wp:attachment":[{"href":"https:\/\/wellnessoase-mannheim.de\/pl\/wp-json\/wp\/v2\/media?parent=973"}],"curies":[{"name":"wp","href":"https:\/\/api.w.org\/{rel}","templated":true}]}}