{"id":852,"date":"2023-05-03T12:45:32","date_gmt":"2023-05-03T10:45:32","guid":{"rendered":"http:\/\/webpl.e-kei.pl\/wellnessoase\/?page_id=852"},"modified":"2026-01-03T20:09:31","modified_gmt":"2026-01-03T19:09:31","slug":"ambiente","status":"publish","type":"page","link":"https:\/\/wellnessoase-mannheim.de\/pl\/ambiente\/","title":{"rendered":"O nas"},"content":{"rendered":"<div data-elementor-type=\"wp-page\" data-elementor-id=\"852\" class=\"elementor elementor-852\" data-elementor-post-type=\"page\">\n\t\t\t\t\t\t<section class=\"elementor-section elementor-top-section elementor-element elementor-element-5b828e3 elementor-section-boxed elementor-section-height-default elementor-section-height-default\" data-id=\"5b828e3\" data-element_type=\"section\" data-settings=\"{&quot;background_background&quot;:&quot;classic&quot;}\">\n\t\t\t\t\t\t\t<div class=\"elementor-background-overlay\"><\/div>\n\t\t\t\t\t\t\t<div class=\"elementor-container elementor-column-gap-no\">\n\t\t\t\t\t<div class=\"elementor-column elementor-col-100 elementor-top-column elementor-element elementor-element-73f9b90\" data-id=\"73f9b90\" data-element_type=\"column\">\n\t\t\t<div class=\"elementor-widget-wrap elementor-element-populated\">\n\t\t\t\t\t\t<div class=\"elementor-element elementor-element-6cb9832 elementor-widget elementor-widget-heading\" data-id=\"6cb9832\" data-element_type=\"widget\" data-widget_type=\"heading.default\">\n\t\t\t\t<div class=\"elementor-widget-container\">\n\t\t\t\t\t<h1 class=\"elementor-heading-title elementor-size-default\">O nas<\/h1>\t\t\t\t<\/div>\n\t\t\t\t<\/div>\n\t\t\t\t\t<\/div>\n\t\t<\/div>\n\t\t\t\t\t<\/div>\n\t\t<\/section>\n\t\t\t\t<section class=\"elementor-section elementor-top-section elementor-element elementor-element-854b221 elementor-section-boxed elementor-section-height-default elementor-section-height-default\" data-id=\"854b221\" data-element_type=\"section\" data-settings=\"{&quot;background_background&quot;:&quot;classic&quot;}\">\n\t\t\t\t\t\t<div class=\"elementor-container elementor-column-gap-default\">\n\t\t\t\t\t<div class=\"elementor-column elementor-col-100 elementor-top-column elementor-element elementor-element-0bfce40\" data-id=\"0bfce40\" data-element_type=\"column\">\n\t\t\t<div class=\"elementor-widget-wrap elementor-element-populated\">\n\t\t\t\t\t\t<div class=\"elementor-element elementor-element-83cca67 elementor-widget elementor-widget-heading\" data-id=\"83cca67\" data-element_type=\"widget\" data-widget_type=\"heading.default\">\n\t\t\t\t<div class=\"elementor-widget-container\">\n\t\t\t\t\t<h4 class=\"elementor-heading-title elementor-size-default\">POZNAJ NASZE<\/h4>\t\t\t\t<\/div>\n\t\t\t\t<\/div>\n\t\t\t\t<div class=\"elementor-element elementor-element-b5916a0 elementor-widget elementor-widget-heading\" data-id=\"b5916a0\" data-element_type=\"widget\" data-widget_type=\"heading.default\">\n\t\t\t\t<div class=\"elementor-widget-container\">\n\t\t\t\t\t<h2 class=\"elementor-heading-title elementor-size-default\">Wellness Oase Mannheim<\/h2>\t\t\t\t<\/div>\n\t\t\t\t<\/div>\n\t\t\t\t<div class=\"elementor-element elementor-element-97d82c1 elementor-widget elementor-widget-text-editor\" data-id=\"97d82c1\" data-element_type=\"widget\" data-widget_type=\"text-editor.default\">\n\t\t\t\t<div class=\"elementor-widget-container\">\n\t\t\t\t\t\t\t\t\t<p>Szanowni Klienci,<br>Die Wellness-Oase Mannheim ist ein einzigartiger Ort, der seit 26 Jahren auf dem Markt ist. In dieser Zeit haben wir die n\u00f6tige Erfahrung gesammelt. Dies erm\u00f6glicht es uns, unsere Dienstleistungen auf h\u00f6chstem Niveau anzubieten. Die Massagen, die wir anbieten, werden immer mit viel Liebe zum Detail durchgef\u00fchrt. Dar\u00fcber hinaus gehen wir individuell auf jeden Kunden ein und ber\u00fccksichtigen seine Meinung und Erwartungen. Unsere T\u00fcren sind jeden Tag f\u00fcr unsere Kunden ge\u00f6ffnet. In unserem Salon arbeiten professionelle Masseurinnen, die jede Behandlung mit viel Feingef\u00fchl und Sorgfalt durchf\u00fchren. Mit sorgf\u00e4ltig ausgew\u00e4hlter Musik und einer entspannenden Umgebung mit Kerzenlicht bietet unser Salon eine einzigartige Atmosph\u00e4re. Wir verwenden \u00d6le von h\u00f6chster Qualit\u00e4t. Wir bieten unseren G\u00e4sten ein hohes Serviceniveau, unsere Masseurinnen kombinieren verschiedene Massagetechniken f\u00fcr Frauen, M\u00e4nner und Paare. Wenn Sie auf der Suche nach angenehmer und gesunder Entspannung in Mannheim sind, sind wir f\u00fcr Sie da.<br>Naszym klientom zapewniamy napoje bezalkoholowe, ciep\u0142e\/zimne, nap\u00f3j energetyczny, bezp\u0142atne WiFi, TV, akcesoria wellness, szlafroki, r\u0119czniki i klapki.<br>Dyskretny parking bezpo\u015brednio przed domem. 6 ekskluzywnych pokoi do masa\u017cu, w tym z\u0142oty pok\u00f3j ze z\u0142ot\u0105 tub\u0105 do ta\u0144ca. Do dyspozycji jest r\u00f3wnie\u017c maszyna do papieros\u00f3w. Salon wyposa\u017cony jest w kamery.<br>Z powa\u017caniem Wellness Oase<\/p>\t\t\t\t\t\t\t\t<\/div>\n\t\t\t\t<\/div>\n\t\t\t\t\t<\/div>\n\t\t<\/div>\n\t\t\t\t\t<\/div>\n\t\t<\/section>\n\t\t\t\t<section class=\"elementor-section elementor-top-section elementor-element elementor-element-9ca55ae elementor-section-boxed elementor-section-height-default elementor-section-height-default\" data-id=\"9ca55ae\" data-element_type=\"section\" data-settings=\"{&quot;background_background&quot;:&quot;classic&quot;}\">\n\t\t\t\t\t\t<div class=\"elementor-container elementor-column-gap-no\">\n\t\t\t\t\t<div class=\"elementor-column elementor-col-33 elementor-top-column elementor-element elementor-element-285d1fe\" data-id=\"285d1fe\" data-element_type=\"column\" data-settings=\"{&quot;background_background&quot;:&quot;classic&quot;}\">\n\t\t\t<div class=\"elementor-widget-wrap elementor-element-populated\">\n\t\t\t\t\t\t<div class=\"elementor-element elementor-element-2579f62 elementor-widget elementor-widget-image\" data-id=\"2579f62\" data-element_type=\"widget\" data-widget_type=\"image.default\">\n\t\t\t\t<div class=\"elementor-widget-container\">\n\t\t\t\t\t\t\t\t\t\t\t\t\t\t\t<img fetchpriority=\"high\" decoding=\"async\" width=\"2560\" height=\"1920\" src=\"https:\/\/wellnessoase-mannheim.de\/wp-content\/uploads\/2026\/01\/20251122_095515-scaled.jpg\" class=\"attachment-full size-full wp-image-16926\" alt=\"\" srcset=\"https:\/\/wellnessoase-mannheim.de\/wp-content\/uploads\/2026\/01\/20251122_095515-scaled.jpg 2560w, https:\/\/wellnessoase-mannheim.de\/wp-content\/uploads\/2026\/01\/20251122_095515-300x225.jpg 300w, https:\/\/wellnessoase-mannheim.de\/wp-content\/uploads\/2026\/01\/20251122_095515-1024x768.jpg 1024w, https:\/\/wellnessoase-mannheim.de\/wp-content\/uploads\/2026\/01\/20251122_095515-768x576.jpg 768w, https:\/\/wellnessoase-mannheim.de\/wp-content\/uploads\/2026\/01\/20251122_095515-1536x1152.jpg 1536w, https:\/\/wellnessoase-mannheim.de\/wp-content\/uploads\/2026\/01\/20251122_095515-2048x1536.jpg 2048w, https:\/\/wellnessoase-mannheim.de\/wp-content\/uploads\/2026\/01\/20251122_095515-16x12.jpg 16w\" sizes=\"(max-width: 2560px) 100vw, 2560px\" \/>\t\t\t\t\t\t\t\t\t\t\t\t\t\t\t<\/div>\n\t\t\t\t<\/div>\n\t\t\t\t\t<\/div>\n\t\t<\/div>\n\t\t\t\t<div class=\"elementor-column elementor-col-33 elementor-top-column elementor-element elementor-element-c72c571\" data-id=\"c72c571\" data-element_type=\"column\" data-settings=\"{&quot;background_background&quot;:&quot;classic&quot;}\">\n\t\t\t<div class=\"elementor-widget-wrap elementor-element-populated\">\n\t\t\t\t\t\t<div class=\"elementor-element elementor-element-3ec4e29 elementor-widget elementor-widget-image\" data-id=\"3ec4e29\" data-element_type=\"widget\" data-widget_type=\"image.default\">\n\t\t\t\t<div class=\"elementor-widget-container\">\n\t\t\t\t\t\t\t\t\t\t\t\t\t\t\t<img decoding=\"async\" width=\"1280\" height=\"960\" src=\"https:\/\/wellnessoase-mannheim.de\/wp-content\/uploads\/2023\/05\/20221201_120808_Easy-Resize.com_.jpg\" class=\"attachment-full size-full wp-image-2274\" alt=\"\" srcset=\"https:\/\/wellnessoase-mannheim.de\/wp-content\/uploads\/2023\/05\/20221201_120808_Easy-Resize.com_.jpg 1280w, https:\/\/wellnessoase-mannheim.de\/wp-content\/uploads\/2023\/05\/20221201_120808_Easy-Resize.com_-300x225.jpg 300w, https:\/\/wellnessoase-mannheim.de\/wp-content\/uploads\/2023\/05\/20221201_120808_Easy-Resize.com_-1024x768.jpg 1024w, https:\/\/wellnessoase-mannheim.de\/wp-content\/uploads\/2023\/05\/20221201_120808_Easy-Resize.com_-768x576.jpg 768w, https:\/\/wellnessoase-mannheim.de\/wp-content\/uploads\/2023\/05\/20221201_120808_Easy-Resize.com_-16x12.jpg 16w\" sizes=\"(max-width: 1280px) 100vw, 1280px\" \/>\t\t\t\t\t\t\t\t\t\t\t\t\t\t\t<\/div>\n\t\t\t\t<\/div>\n\t\t\t\t\t<\/div>\n\t\t<\/div>\n\t\t\t\t<div class=\"elementor-column elementor-col-33 elementor-top-column elementor-element elementor-element-ab492cd\" data-id=\"ab492cd\" data-element_type=\"column\" data-settings=\"{&quot;background_background&quot;:&quot;classic&quot;}\">\n\t\t\t<div class=\"elementor-widget-wrap elementor-element-populated\">\n\t\t\t\t\t\t<div class=\"elementor-element elementor-element-e9596d7 elementor-widget elementor-widget-image\" data-id=\"e9596d7\" data-element_type=\"widget\" data-widget_type=\"image.default\">\n\t\t\t\t<div class=\"elementor-widget-container\">\n\t\t\t\t\t\t\t\t\t\t\t\t\t\t\t<img decoding=\"async\" width=\"2560\" height=\"1920\" src=\"https:\/\/wellnessoase-mannheim.de\/wp-content\/uploads\/2026\/01\/20250318_094715-scaled.jpg\" class=\"attachment-full size-full wp-image-16925\" alt=\"\" srcset=\"https:\/\/wellnessoase-mannheim.de\/wp-content\/uploads\/2026\/01\/20250318_094715-scaled.jpg 2560w, https:\/\/wellnessoase-mannheim.de\/wp-content\/uploads\/2026\/01\/20250318_094715-300x225.jpg 300w, https:\/\/wellnessoase-mannheim.de\/wp-content\/uploads\/2026\/01\/20250318_094715-1024x768.jpg 1024w, https:\/\/wellnessoase-mannheim.de\/wp-content\/uploads\/2026\/01\/20250318_094715-768x576.jpg 768w, https:\/\/wellnessoase-mannheim.de\/wp-content\/uploads\/2026\/01\/20250318_094715-1536x1152.jpg 1536w, https:\/\/wellnessoase-mannheim.de\/wp-content\/uploads\/2026\/01\/20250318_094715-2048x1536.jpg 2048w, https:\/\/wellnessoase-mannheim.de\/wp-content\/uploads\/2026\/01\/20250318_094715-16x12.jpg 16w\" sizes=\"(max-width: 2560px) 100vw, 2560px\" \/>\t\t\t\t\t\t\t\t\t\t\t\t\t\t\t<\/div>\n\t\t\t\t<\/div>\n\t\t\t\t\t<\/div>\n\t\t<\/div>\n\t\t\t\t\t<\/div>\n\t\t<\/section>\n\t\t\t\t<\/div>","protected":false},"excerpt":{"rendered":"<p>AMBIENTE KENNENLERNEN Wellness Oase Mannheim Sehr geehrte Kunden,Die Wellness-Oase Mannheim ist ein einzigartiger Ort, der seit 26 Jahren auf dem Markt ist. In dieser Zeit haben wir die n\u00f6tige Erfahrung gesammelt. Dies erm\u00f6glicht es uns, unsere Dienstleistungen auf h\u00f6chstem Niveau anzubieten. Die Massagen, die wir anbieten, werden immer mit viel Liebe zum Detail durchgef\u00fchrt. Dar\u00fcber &hellip;<\/p>\n<p class=\"read-more\"> <a class=\"\" href=\"https:\/\/wellnessoase-mannheim.de\/pl\/ambiente\/\"> <span class=\"screen-reader-text\">O nas<\/span> Read More \u00bb<\/a><\/p>","protected":false},"author":1,"featured_media":0,"parent":0,"menu_order":0,"comment_status":"closed","ping_status":"closed","template":"","meta":{"site-sidebar-layout":"no-sidebar","site-content-layout":"page-builder","ast-global-header-display":"","ast-main-header-display":"","ast-hfb-above-header-display":"","ast-hfb-below-header-display":"","ast-hfb-mobile-header-display":"","site-post-title":"disabled","ast-breadcrumbs-content":"disabled","ast-featured-img":"disabled","footer-sml-layout":"","theme-transparent-header-meta":"enabled","adv-header-id-meta":"","stick-header-meta":"default","header-above-stick-meta":"","header-main-stick-meta":"","header-below-stick-meta":"","_glsr_average":0,"_glsr_ranking":0,"_glsr_reviews":0,"footnotes":""},"class_list":["post-852","page","type-page","status-publish","hentry"],"yoast_head":"<!-- This site is optimized with the Yoast SEO plugin v26.4 - https:\/\/yoast.com\/wordpress\/plugins\/seo\/ -->\n<title>AMBIENTE - WellnessOase - Erotik Massagen in Mannheim<\/title>\n<meta name=\"robots\" content=\"index, follow, max-snippet:-1, max-image-preview:large, max-video-preview:-1\" \/>\n<link rel=\"canonical\" href=\"https:\/\/wellnessoase-mannheim.de\/pl\/ambiente\/\" \/>\n<meta property=\"og:locale\" content=\"pl_PL\" \/>\n<meta property=\"og:type\" content=\"article\" \/>\n<meta property=\"og:title\" content=\"AMBIENTE - WellnessOase - Erotik Massagen in Mannheim\" \/>\n<meta property=\"og:description\" content=\"AMBIENTE KENNENLERNEN Wellness Oase Mannheim Sehr geehrte Kunden,Die Wellness-Oase Mannheim ist ein einzigartiger Ort, der seit 26 Jahren auf dem Markt ist. In dieser Zeit haben wir die n\u00f6tige Erfahrung gesammelt. Dies erm\u00f6glicht es uns, unsere Dienstleistungen auf h\u00f6chstem Niveau anzubieten. Die Massagen, die wir anbieten, werden immer mit viel Liebe zum Detail durchgef\u00fchrt. Dar\u00fcber &hellip; AMBIENTE Read More \u00bb\" \/>\n<meta property=\"og:url\" content=\"https:\/\/wellnessoase-mannheim.de\/pl\/ambiente\/\" \/>\n<meta property=\"og:site_name\" content=\"WellnessOase - Erotik Massagen in Mannheim\" \/>\n<meta property=\"article:modified_time\" content=\"2026-01-03T19:09:31+00:00\" \/>\n<meta property=\"og:image\" content=\"https:\/\/wellnessoase-mannheim.de\/wp-content\/uploads\/2026\/01\/20251122_095515-scaled.jpg\" \/>\n\t<meta property=\"og:image:width\" content=\"2560\" \/>\n\t<meta property=\"og:image:height\" content=\"1920\" \/>\n\t<meta property=\"og:image:type\" content=\"image\/jpeg\" \/>\n<meta name=\"twitter:card\" content=\"summary_large_image\" \/>\n<meta name=\"twitter:label1\" content=\"Szacowany czas czytania\" \/>\n\t<meta name=\"twitter:data1\" content=\"2 minuty\" \/>\n<script type=\"application\/ld+json\" class=\"yoast-schema-graph\">{\"@context\":\"https:\/\/schema.org\",\"@graph\":[{\"@type\":\"WebPage\",\"@id\":\"https:\/\/wellnessoase-mannheim.de\/ambiente\/\",\"url\":\"https:\/\/wellnessoase-mannheim.de\/ambiente\/\",\"name\":\"AMBIENTE - WellnessOase - Erotik Massagen in Mannheim\",\"isPartOf\":{\"@id\":\"https:\/\/wellnessoase-mannheim.de\/#website\"},\"primaryImageOfPage\":{\"@id\":\"https:\/\/wellnessoase-mannheim.de\/ambiente\/#primaryimage\"},\"image\":{\"@id\":\"https:\/\/wellnessoase-mannheim.de\/ambiente\/#primaryimage\"},\"thumbnailUrl\":\"https:\/\/wellnessoase-mannheim.de\/wp-content\/uploads\/2026\/01\/20251122_095515-scaled.jpg\",\"datePublished\":\"2023-05-03T10:45:32+00:00\",\"dateModified\":\"2026-01-03T19:09:31+00:00\",\"breadcrumb\":{\"@id\":\"https:\/\/wellnessoase-mannheim.de\/ambiente\/#breadcrumb\"},\"inLanguage\":\"pl-PL\",\"potentialAction\":[{\"@type\":\"ReadAction\",\"target\":[\"https:\/\/wellnessoase-mannheim.de\/ambiente\/\"]}]},{\"@type\":\"ImageObject\",\"inLanguage\":\"pl-PL\",\"@id\":\"https:\/\/wellnessoase-mannheim.de\/ambiente\/#primaryimage\",\"url\":\"https:\/\/wellnessoase-mannheim.de\/wp-content\/uploads\/2026\/01\/20251122_095515-scaled.jpg\",\"contentUrl\":\"https:\/\/wellnessoase-mannheim.de\/wp-content\/uploads\/2026\/01\/20251122_095515-scaled.jpg\"},{\"@type\":\"BreadcrumbList\",\"@id\":\"https:\/\/wellnessoase-mannheim.de\/ambiente\/#breadcrumb\",\"itemListElement\":[{\"@type\":\"ListItem\",\"position\":1,\"name\":\"Strona g\u0142\u00f3wna\",\"item\":\"https:\/\/wellnessoase-mannheim.de\/\"},{\"@type\":\"ListItem\",\"position\":2,\"name\":\"AMBIENTE\"}]},{\"@type\":\"WebSite\",\"@id\":\"https:\/\/wellnessoase-mannheim.de\/#website\",\"url\":\"https:\/\/wellnessoase-mannheim.de\/\",\"name\":\"WellnessOase - Erotik Massagen in Mannheim\",\"description\":\"\",\"publisher\":{\"@id\":\"https:\/\/wellnessoase-mannheim.de\/#organization\"},\"potentialAction\":[{\"@type\":\"SearchAction\",\"target\":{\"@type\":\"EntryPoint\",\"urlTemplate\":\"https:\/\/wellnessoase-mannheim.de\/?s={search_term_string}\"},\"query-input\":{\"@type\":\"PropertyValueSpecification\",\"valueRequired\":true,\"valueName\":\"search_term_string\"}}],\"inLanguage\":\"pl-PL\"},{\"@type\":\"Organization\",\"@id\":\"https:\/\/wellnessoase-mannheim.de\/#organization\",\"name\":\"WellnessOase - Erotik Massagen in Mannheim\",\"url\":\"https:\/\/wellnessoase-mannheim.de\/\",\"logo\":{\"@type\":\"ImageObject\",\"inLanguage\":\"pl-PL\",\"@id\":\"https:\/\/wellnessoase-mannheim.de\/#\/schema\/logo\/image\/\",\"url\":\"https:\/\/wellnessoase-mannheim.de\/wp-content\/uploads\/2023\/12\/logo-winter.png\",\"contentUrl\":\"https:\/\/wellnessoase-mannheim.de\/wp-content\/uploads\/2023\/12\/logo-winter.png\",\"width\":175,\"height\":129,\"caption\":\"WellnessOase - Erotik Massagen in Mannheim\"},\"image\":{\"@id\":\"https:\/\/wellnessoase-mannheim.de\/#\/schema\/logo\/image\/\"}}]}<\/script>\n<!-- \/ Yoast SEO plugin. -->","yoast_head_json":{"title":"AMBIENTE - WellnessOase - Erotik Massagen in Mannheim","robots":{"index":"index","follow":"follow","max-snippet":"max-snippet:-1","max-image-preview":"max-image-preview:large","max-video-preview":"max-video-preview:-1"},"canonical":"https:\/\/wellnessoase-mannheim.de\/pl\/ambiente\/","og_locale":"pl_PL","og_type":"article","og_title":"AMBIENTE - WellnessOase - Erotik Massagen in Mannheim","og_description":"AMBIENTE KENNENLERNEN Wellness Oase Mannheim Sehr geehrte Kunden,Die Wellness-Oase Mannheim ist ein einzigartiger Ort, der seit 26 Jahren auf dem Markt ist. In dieser Zeit haben wir die n\u00f6tige Erfahrung gesammelt. Dies erm\u00f6glicht es uns, unsere Dienstleistungen auf h\u00f6chstem Niveau anzubieten. Die Massagen, die wir anbieten, werden immer mit viel Liebe zum Detail durchgef\u00fchrt. Dar\u00fcber &hellip; AMBIENTE Read More \u00bb","og_url":"https:\/\/wellnessoase-mannheim.de\/pl\/ambiente\/","og_site_name":"WellnessOase - Erotik Massagen in Mannheim","article_modified_time":"2026-01-03T19:09:31+00:00","og_image":[{"width":2560,"height":1920,"url":"https:\/\/wellnessoase-mannheim.de\/wp-content\/uploads\/2026\/01\/20251122_095515-scaled.jpg","type":"image\/jpeg"}],"twitter_card":"summary_large_image","twitter_misc":{"Szacowany czas czytania":"2 minuty"},"schema":{"@context":"https:\/\/schema.org","@graph":[{"@type":"WebPage","@id":"https:\/\/wellnessoase-mannheim.de\/ambiente\/","url":"https:\/\/wellnessoase-mannheim.de\/ambiente\/","name":"AMBIENTE - WellnessOase - Erotik Massagen in Mannheim","isPartOf":{"@id":"https:\/\/wellnessoase-mannheim.de\/#website"},"primaryImageOfPage":{"@id":"https:\/\/wellnessoase-mannheim.de\/ambiente\/#primaryimage"},"image":{"@id":"https:\/\/wellnessoase-mannheim.de\/ambiente\/#primaryimage"},"thumbnailUrl":"https:\/\/wellnessoase-mannheim.de\/wp-content\/uploads\/2026\/01\/20251122_095515-scaled.jpg","datePublished":"2023-05-03T10:45:32+00:00","dateModified":"2026-01-03T19:09:31+00:00","breadcrumb":{"@id":"https:\/\/wellnessoase-mannheim.de\/ambiente\/#breadcrumb"},"inLanguage":"pl-PL","potentialAction":[{"@type":"ReadAction","target":["https:\/\/wellnessoase-mannheim.de\/ambiente\/"]}]},{"@type":"ImageObject","inLanguage":"pl-PL","@id":"https:\/\/wellnessoase-mannheim.de\/ambiente\/#primaryimage","url":"https:\/\/wellnessoase-mannheim.de\/wp-content\/uploads\/2026\/01\/20251122_095515-scaled.jpg","contentUrl":"https:\/\/wellnessoase-mannheim.de\/wp-content\/uploads\/2026\/01\/20251122_095515-scaled.jpg"},{"@type":"BreadcrumbList","@id":"https:\/\/wellnessoase-mannheim.de\/ambiente\/#breadcrumb","itemListElement":[{"@type":"ListItem","position":1,"name":"Strona g\u0142\u00f3wna","item":"https:\/\/wellnessoase-mannheim.de\/"},{"@type":"ListItem","position":2,"name":"AMBIENTE"}]},{"@type":"WebSite","@id":"https:\/\/wellnessoase-mannheim.de\/#website","url":"https:\/\/wellnessoase-mannheim.de\/","name":"WellnessOase - Erotik Massagen in Mannheim","description":"","publisher":{"@id":"https:\/\/wellnessoase-mannheim.de\/#organization"},"potentialAction":[{"@type":"SearchAction","target":{"@type":"EntryPoint","urlTemplate":"https:\/\/wellnessoase-mannheim.de\/?s={search_term_string}"},"query-input":{"@type":"PropertyValueSpecification","valueRequired":true,"valueName":"search_term_string"}}],"inLanguage":"pl-PL"},{"@type":"Organization","@id":"https:\/\/wellnessoase-mannheim.de\/#organization","name":"WellnessOase - Erotik Massagen in Mannheim","url":"https:\/\/wellnessoase-mannheim.de\/","logo":{"@type":"ImageObject","inLanguage":"pl-PL","@id":"https:\/\/wellnessoase-mannheim.de\/#\/schema\/logo\/image\/","url":"https:\/\/wellnessoase-mannheim.de\/wp-content\/uploads\/2023\/12\/logo-winter.png","contentUrl":"https:\/\/wellnessoase-mannheim.de\/wp-content\/uploads\/2023\/12\/logo-winter.png","width":175,"height":129,"caption":"WellnessOase - Erotik Massagen in Mannheim"},"image":{"@id":"https:\/\/wellnessoase-mannheim.de\/#\/schema\/logo\/image\/"}}]}},"rttpg_featured_image_url":null,"rttpg_author":{"display_name":"wellnessoase","author_link":"https:\/\/wellnessoase-mannheim.de\/pl\/author\/wellnessoase\/"},"rttpg_comment":0,"rttpg_category":null,"rttpg_excerpt":"AMBIENTE KENNENLERNEN Wellness Oase Mannheim Sehr geehrte Kunden,Die Wellness-Oase Mannheim ist ein einzigartiger Ort, der seit 26 Jahren auf dem Markt ist. In dieser Zeit haben wir die n\u00f6tige Erfahrung gesammelt. Dies erm\u00f6glicht es uns, unsere Dienstleistungen auf h\u00f6chstem Niveau anzubieten. Die Massagen, die wir anbieten, werden immer mit viel Liebe zum Detail durchgef\u00fchrt. Dar\u00fcber&hellip;","_links":{"self":[{"href":"https:\/\/wellnessoase-mannheim.de\/pl\/wp-json\/wp\/v2\/pages\/852","targetHints":{"allow":["GET"]}}],"collection":[{"href":"https:\/\/wellnessoase-mannheim.de\/pl\/wp-json\/wp\/v2\/pages"}],"about":[{"href":"https:\/\/wellnessoase-mannheim.de\/pl\/wp-json\/wp\/v2\/types\/page"}],"author":[{"embeddable":true,"href":"https:\/\/wellnessoase-mannheim.de\/pl\/wp-json\/wp\/v2\/users\/1"}],"replies":[{"embeddable":true,"href":"https:\/\/wellnessoase-mannheim.de\/pl\/wp-json\/wp\/v2\/comments?post=852"}],"version-history":[{"count":0,"href":"https:\/\/wellnessoase-mannheim.de\/pl\/wp-json\/wp\/v2\/pages\/852\/revisions"}],"wp:attachment":[{"href":"https:\/\/wellnessoase-mannheim.de\/pl\/wp-json\/wp\/v2\/media?parent=852"}],"curies":[{"name":"wp","href":"https:\/\/api.w.org\/{rel}","templated":true}]}}