{"id":2393,"date":"2023-06-05T15:25:04","date_gmt":"2023-06-05T13:25:04","guid":{"rendered":"https:\/\/wellnessoase-mannheim.de\/?page_id=2393"},"modified":"2025-05-15T01:00:42","modified_gmt":"2025-05-14T23:00:42","slug":"goldenes-zimmer","status":"publish","type":"page","link":"https:\/\/wellnessoase-mannheim.de\/pl\/goldenes-zimmer\/","title":{"rendered":"Goldenes Zimmer"},"content":{"rendered":"<div data-elementor-type=\"wp-page\" data-elementor-id=\"2393\" class=\"elementor elementor-2393\" data-elementor-post-type=\"page\">\n\t\t\t\t\t\t<section class=\"elementor-section elementor-top-section elementor-element elementor-element-5b828e3 elementor-section-boxed elementor-section-height-default elementor-section-height-default\" data-id=\"5b828e3\" data-element_type=\"section\" data-settings=\"{&quot;background_background&quot;:&quot;classic&quot;}\">\n\t\t\t\t\t\t\t<div class=\"elementor-background-overlay\"><\/div>\n\t\t\t\t\t\t\t<div class=\"elementor-container elementor-column-gap-no\">\n\t\t\t\t\t<div class=\"elementor-column elementor-col-100 elementor-top-column elementor-element elementor-element-73f9b90\" data-id=\"73f9b90\" data-element_type=\"column\">\n\t\t\t<div class=\"elementor-widget-wrap elementor-element-populated\">\n\t\t\t\t\t\t<div class=\"elementor-element elementor-element-6cb9832 elementor-widget elementor-widget-heading\" data-id=\"6cb9832\" data-element_type=\"widget\" data-widget_type=\"heading.default\">\n\t\t\t\t<div class=\"elementor-widget-container\">\n\t\t\t\t\t<h1 class=\"elementor-heading-title elementor-size-default\">VIP Goldenes Zimmer<\/h1>\t\t\t\t<\/div>\n\t\t\t\t<\/div>\n\t\t\t\t\t<\/div>\n\t\t<\/div>\n\t\t\t\t\t<\/div>\n\t\t<\/section>\n\t\t\t\t<section class=\"elementor-section elementor-top-section elementor-element elementor-element-854b221 elementor-section-boxed elementor-section-height-default elementor-section-height-default\" data-id=\"854b221\" data-element_type=\"section\" data-settings=\"{&quot;background_background&quot;:&quot;classic&quot;}\">\n\t\t\t\t\t\t<div class=\"elementor-container elementor-column-gap-default\">\n\t\t\t\t\t<div class=\"elementor-column elementor-col-100 elementor-top-column elementor-element elementor-element-0bfce40\" data-id=\"0bfce40\" data-element_type=\"column\">\n\t\t\t<div class=\"elementor-widget-wrap elementor-element-populated\">\n\t\t\t\t\t\t<div class=\"elementor-element elementor-element-83cca67 elementor-widget elementor-widget-heading\" data-id=\"83cca67\" data-element_type=\"widget\" data-widget_type=\"heading.default\">\n\t\t\t\t<div class=\"elementor-widget-container\">\n\t\t\t\t\t<h4 class=\"elementor-heading-title elementor-size-default\">NASZA<\/h4>\t\t\t\t<\/div>\n\t\t\t\t<\/div>\n\t\t\t\t<div class=\"elementor-element elementor-element-b5916a0 elementor-widget elementor-widget-heading\" data-id=\"b5916a0\" data-element_type=\"widget\" data-widget_type=\"heading.default\">\n\t\t\t\t<div class=\"elementor-widget-container\">\n\t\t\t\t\t<h2 class=\"elementor-heading-title elementor-size-default\">VIP Goldenes Zimmer<\/h2>\t\t\t\t<\/div>\n\t\t\t\t<\/div>\n\t\t\t\t<div class=\"elementor-element elementor-element-97d82c1 elementor-widget elementor-widget-text-editor\" data-id=\"97d82c1\" data-element_type=\"widget\" data-widget_type=\"text-editor.default\">\n\t\t\t\t<div class=\"elementor-widget-container\">\n\t\t\t\t\t\t\t\t\tNale\u017cy pami\u0119ta\u0107, \u017ce organizator zapewnia pokoje wy\u0142\u0105cznie dla masa\u017cystek pracuj\u0105cych na w\u0142asny rachunek i nie jest us\u0142ugodawc\u0105 w zakresie oferowanych przez nie us\u0142ug.\t\t\t\t\t\t\t\t<\/div>\n\t\t\t\t<\/div>\n\t\t\t\t\t<\/div>\n\t\t<\/div>\n\t\t\t\t\t<\/div>\n\t\t<\/section>\n\t\t\t\t<section class=\"elementor-section elementor-top-section elementor-element elementor-element-9ca55ae elementor-section-boxed elementor-section-height-default elementor-section-height-default\" data-id=\"9ca55ae\" data-element_type=\"section\" data-settings=\"{&quot;background_background&quot;:&quot;classic&quot;}\">\n\t\t\t\t\t\t<div class=\"elementor-container elementor-column-gap-no\">\n\t\t\t\t\t<div class=\"elementor-column elementor-col-100 elementor-top-column elementor-element elementor-element-285d1fe\" data-id=\"285d1fe\" data-element_type=\"column\" data-settings=\"{&quot;background_background&quot;:&quot;classic&quot;}\">\n\t\t\t<div class=\"elementor-widget-wrap elementor-element-populated\">\n\t\t\t\t\t\t<div class=\"elementor-element elementor-element-860647d elementor-widget elementor-widget-gallery\" data-id=\"860647d\" data-element_type=\"widget\" data-settings=\"{&quot;columns&quot;:2,&quot;gallery_layout&quot;:&quot;masonry&quot;,&quot;lazyload&quot;:&quot;yes&quot;,&quot;columns_tablet&quot;:2,&quot;columns_mobile&quot;:1,&quot;gap&quot;:{&quot;unit&quot;:&quot;px&quot;,&quot;size&quot;:10,&quot;sizes&quot;:[]},&quot;gap_tablet&quot;:{&quot;unit&quot;:&quot;px&quot;,&quot;size&quot;:10,&quot;sizes&quot;:[]},&quot;gap_mobile&quot;:{&quot;unit&quot;:&quot;px&quot;,&quot;size&quot;:10,&quot;sizes&quot;:[]},&quot;link_to&quot;:&quot;file&quot;,&quot;overlay_background&quot;:&quot;yes&quot;,&quot;content_hover_animation&quot;:&quot;fade-in&quot;}\" data-widget_type=\"gallery.default\">\n\t\t\t\t<div class=\"elementor-widget-container\">\n\t\t\t\t\t\t\t<div class=\"elementor-gallery__container\">\n\t\t\t\t\t\t\t<a class=\"e-gallery-item elementor-gallery-item elementor-animated-content\" href=\"https:\/\/wellnessoase-mannheim.de\/wp-content\/uploads\/2025\/05\/Zdjecie-WhatsApp-2025-05-14-o-18.11.21_81da4b62.jpg\" data-elementor-open-lightbox=\"yes\" data-elementor-lightbox-slideshow=\"860647d\" data-elementor-lightbox-title=\"Zdj\u0119cie WhatsApp 2025-05-14 o 18.11.21_81da4b62\" data-e-action-hash=\"#elementor-action%3Aaction%3Dlightbox%26settings%3DeyJpZCI6MTMyNDYsInVybCI6Imh0dHBzOlwvXC93ZWxsbmVzc29hc2UtbWFubmhlaW0uZGVcL3dwLWNvbnRlbnRcL3VwbG9hZHNcLzIwMjVcLzA1XC9aZGplY2llLVdoYXRzQXBwLTIwMjUtMDUtMTQtby0xOC4xMS4yMV84MWRhNGI2Mi5qcGciLCJzbGlkZXNob3ciOiI4NjA2NDdkIn0%3D\">\n\t\t\t\t\t<div class=\"e-gallery-image elementor-gallery-item__image\" data-thumbnail=\"https:\/\/wellnessoase-mannheim.de\/wp-content\/uploads\/2025\/05\/Zdjecie-WhatsApp-2025-05-14-o-18.11.21_81da4b62.jpg\" data-width=\"2000\" data-height=\"1500\" aria-label=\"\" role=\"img\" ><\/div>\n\t\t\t\t\t\t\t\t\t\t\t<div class=\"elementor-gallery-item__overlay\"><\/div>\n\t\t\t\t\t\t\t\t\t\t\t\t\t\t<\/a>\n\t\t\t\t\t\t\t<a class=\"e-gallery-item elementor-gallery-item elementor-animated-content\" href=\"https:\/\/wellnessoase-mannheim.de\/wp-content\/uploads\/2025\/05\/Zdjecie-WhatsApp-2025-05-14-o-18.11.21_01360e3a.jpg\" data-elementor-open-lightbox=\"yes\" data-elementor-lightbox-slideshow=\"860647d\" data-elementor-lightbox-title=\"Zdj\u0119cie WhatsApp 2025-05-14 o 18.11.21_01360e3a\" data-e-action-hash=\"#elementor-action%3Aaction%3Dlightbox%26settings%3DeyJpZCI6MTMyNTIsInVybCI6Imh0dHBzOlwvXC93ZWxsbmVzc29hc2UtbWFubmhlaW0uZGVcL3dwLWNvbnRlbnRcL3VwbG9hZHNcLzIwMjVcLzA1XC9aZGplY2llLVdoYXRzQXBwLTIwMjUtMDUtMTQtby0xOC4xMS4yMV8wMTM2MGUzYS5qcGciLCJzbGlkZXNob3ciOiI4NjA2NDdkIn0%3D\">\n\t\t\t\t\t<div class=\"e-gallery-image elementor-gallery-item__image\" data-thumbnail=\"https:\/\/wellnessoase-mannheim.de\/wp-content\/uploads\/2025\/05\/Zdjecie-WhatsApp-2025-05-14-o-18.11.21_01360e3a.jpg\" data-width=\"1500\" data-height=\"2000\" aria-label=\"\" role=\"img\" ><\/div>\n\t\t\t\t\t\t\t\t\t\t\t<div class=\"elementor-gallery-item__overlay\"><\/div>\n\t\t\t\t\t\t\t\t\t\t\t\t\t\t<\/a>\n\t\t\t\t\t\t\t<a class=\"e-gallery-item elementor-gallery-item elementor-animated-content\" href=\"https:\/\/wellnessoase-mannheim.de\/wp-content\/uploads\/2025\/05\/Zdjecie-WhatsApp-2025-05-14-o-18.11.21_f9d5d503.jpg\" data-elementor-open-lightbox=\"yes\" data-elementor-lightbox-slideshow=\"860647d\" data-elementor-lightbox-title=\"Zdj\u0119cie WhatsApp 2025-05-14 o 18.11.21_f9d5d503\" data-e-action-hash=\"#elementor-action%3Aaction%3Dlightbox%26settings%3DeyJpZCI6MTMyNDgsInVybCI6Imh0dHBzOlwvXC93ZWxsbmVzc29hc2UtbWFubmhlaW0uZGVcL3dwLWNvbnRlbnRcL3VwbG9hZHNcLzIwMjVcLzA1XC9aZGplY2llLVdoYXRzQXBwLTIwMjUtMDUtMTQtby0xOC4xMS4yMV9mOWQ1ZDUwMy5qcGciLCJzbGlkZXNob3ciOiI4NjA2NDdkIn0%3D\">\n\t\t\t\t\t<div class=\"e-gallery-image elementor-gallery-item__image\" data-thumbnail=\"https:\/\/wellnessoase-mannheim.de\/wp-content\/uploads\/2025\/05\/Zdjecie-WhatsApp-2025-05-14-o-18.11.21_f9d5d503.jpg\" data-width=\"1500\" data-height=\"2000\" aria-label=\"\" role=\"img\" ><\/div>\n\t\t\t\t\t\t\t\t\t\t\t<div class=\"elementor-gallery-item__overlay\"><\/div>\n\t\t\t\t\t\t\t\t\t\t\t\t\t\t<\/a>\n\t\t\t\t\t\t\t<a class=\"e-gallery-item elementor-gallery-item elementor-animated-content\" href=\"https:\/\/wellnessoase-mannheim.de\/wp-content\/uploads\/2023\/05\/20230518_150848-1-scaled.jpg\" data-elementor-open-lightbox=\"yes\" data-elementor-lightbox-slideshow=\"860647d\" data-elementor-lightbox-title=\"20230518_150848 (1)\" data-e-action-hash=\"#elementor-action%3Aaction%3Dlightbox%26settings%3DeyJpZCI6MjMxOSwidXJsIjoiaHR0cHM6XC9cL3dlbGxuZXNzb2FzZS1tYW5uaGVpbS5kZVwvd3AtY29udGVudFwvdXBsb2Fkc1wvMjAyM1wvMDVcLzIwMjMwNTE4XzE1MDg0OC0xLXNjYWxlZC5qcGciLCJzbGlkZXNob3ciOiI4NjA2NDdkIn0%3D\">\n\t\t\t\t\t<div class=\"e-gallery-image elementor-gallery-item__image\" data-thumbnail=\"https:\/\/wellnessoase-mannheim.de\/wp-content\/uploads\/2023\/05\/20230518_150848-1-scaled.jpg\" data-width=\"2560\" data-height=\"1920\" aria-label=\"\" role=\"img\" ><\/div>\n\t\t\t\t\t\t\t\t\t\t\t<div class=\"elementor-gallery-item__overlay\"><\/div>\n\t\t\t\t\t\t\t\t\t\t\t\t\t\t<\/a>\n\t\t\t\t\t\t\t<a class=\"e-gallery-item elementor-gallery-item elementor-animated-content\" href=\"https:\/\/wellnessoase-mannheim.de\/wp-content\/uploads\/2025\/05\/Zdjecie-WhatsApp-2025-05-14-o-18.11.21_d21f31ba.jpg\" data-elementor-open-lightbox=\"yes\" data-elementor-lightbox-slideshow=\"860647d\" data-elementor-lightbox-title=\"Zdj\u0119cie WhatsApp 2025-05-14 o 18.11.21_d21f31ba\" data-e-action-hash=\"#elementor-action%3Aaction%3Dlightbox%26settings%3DeyJpZCI6MTMyNTMsInVybCI6Imh0dHBzOlwvXC93ZWxsbmVzc29hc2UtbWFubmhlaW0uZGVcL3dwLWNvbnRlbnRcL3VwbG9hZHNcLzIwMjVcLzA1XC9aZGplY2llLVdoYXRzQXBwLTIwMjUtMDUtMTQtby0xOC4xMS4yMV9kMjFmMzFiYS5qcGciLCJzbGlkZXNob3ciOiI4NjA2NDdkIn0%3D\">\n\t\t\t\t\t<div class=\"e-gallery-image elementor-gallery-item__image\" data-thumbnail=\"https:\/\/wellnessoase-mannheim.de\/wp-content\/uploads\/2025\/05\/Zdjecie-WhatsApp-2025-05-14-o-18.11.21_d21f31ba.jpg\" data-width=\"1500\" data-height=\"2000\" aria-label=\"\" role=\"img\" ><\/div>\n\t\t\t\t\t\t\t\t\t\t\t<div class=\"elementor-gallery-item__overlay\"><\/div>\n\t\t\t\t\t\t\t\t\t\t\t\t\t\t<\/a>\n\t\t\t\t\t\t\t<a class=\"e-gallery-item elementor-gallery-item elementor-animated-content\" href=\"https:\/\/wellnessoase-mannheim.de\/wp-content\/uploads\/2025\/05\/Zdjecie-WhatsApp-2025-05-14-o-18.11.21_15d52bfb.jpg\" data-elementor-open-lightbox=\"yes\" data-elementor-lightbox-slideshow=\"860647d\" data-elementor-lightbox-title=\"Zdj\u0119cie WhatsApp 2025-05-14 o 18.11.21_15d52bfb\" data-e-action-hash=\"#elementor-action%3Aaction%3Dlightbox%26settings%3DeyJpZCI6MTMyNTUsInVybCI6Imh0dHBzOlwvXC93ZWxsbmVzc29hc2UtbWFubmhlaW0uZGVcL3dwLWNvbnRlbnRcL3VwbG9hZHNcLzIwMjVcLzA1XC9aZGplY2llLVdoYXRzQXBwLTIwMjUtMDUtMTQtby0xOC4xMS4yMV8xNWQ1MmJmYi5qcGciLCJzbGlkZXNob3ciOiI4NjA2NDdkIn0%3D\">\n\t\t\t\t\t<div class=\"e-gallery-image elementor-gallery-item__image\" data-thumbnail=\"https:\/\/wellnessoase-mannheim.de\/wp-content\/uploads\/2025\/05\/Zdjecie-WhatsApp-2025-05-14-o-18.11.21_15d52bfb.jpg\" data-width=\"2000\" data-height=\"1500\" aria-label=\"\" role=\"img\" ><\/div>\n\t\t\t\t\t\t\t\t\t\t\t<div class=\"elementor-gallery-item__overlay\"><\/div>\n\t\t\t\t\t\t\t\t\t\t\t\t\t\t<\/a>\n\t\t\t\t\t\t\t<a class=\"e-gallery-item elementor-gallery-item elementor-animated-content\" href=\"https:\/\/wellnessoase-mannheim.de\/wp-content\/uploads\/2025\/05\/Zdjecie-WhatsApp-2025-05-14-o-18.11.21_72431988.jpg\" data-elementor-open-lightbox=\"yes\" data-elementor-lightbox-slideshow=\"860647d\" data-elementor-lightbox-title=\"Zdj\u0119cie WhatsApp 2025-05-14 o 18.11.21_72431988\" data-e-action-hash=\"#elementor-action%3Aaction%3Dlightbox%26settings%3DeyJpZCI6MTMyNDcsInVybCI6Imh0dHBzOlwvXC93ZWxsbmVzc29hc2UtbWFubmhlaW0uZGVcL3dwLWNvbnRlbnRcL3VwbG9hZHNcLzIwMjVcLzA1XC9aZGplY2llLVdoYXRzQXBwLTIwMjUtMDUtMTQtby0xOC4xMS4yMV83MjQzMTk4OC5qcGciLCJzbGlkZXNob3ciOiI4NjA2NDdkIn0%3D\">\n\t\t\t\t\t<div class=\"e-gallery-image elementor-gallery-item__image\" data-thumbnail=\"https:\/\/wellnessoase-mannheim.de\/wp-content\/uploads\/2025\/05\/Zdjecie-WhatsApp-2025-05-14-o-18.11.21_72431988.jpg\" data-width=\"2000\" data-height=\"1500\" aria-label=\"\" role=\"img\" ><\/div>\n\t\t\t\t\t\t\t\t\t\t\t<div class=\"elementor-gallery-item__overlay\"><\/div>\n\t\t\t\t\t\t\t\t\t\t\t\t\t\t<\/a>\n\t\t\t\t\t\t\t<a class=\"e-gallery-item elementor-gallery-item elementor-animated-content\" href=\"https:\/\/wellnessoase-mannheim.de\/wp-content\/uploads\/2023\/05\/20230518_151153-1-scaled.jpg\" data-elementor-open-lightbox=\"yes\" data-elementor-lightbox-slideshow=\"860647d\" data-elementor-lightbox-title=\"20230518_151153 (1)\" data-e-action-hash=\"#elementor-action%3Aaction%3Dlightbox%26settings%3DeyJpZCI6MjMyMCwidXJsIjoiaHR0cHM6XC9cL3dlbGxuZXNzb2FzZS1tYW5uaGVpbS5kZVwvd3AtY29udGVudFwvdXBsb2Fkc1wvMjAyM1wvMDVcLzIwMjMwNTE4XzE1MTE1My0xLXNjYWxlZC5qcGciLCJzbGlkZXNob3ciOiI4NjA2NDdkIn0%3D\">\n\t\t\t\t\t<div class=\"e-gallery-image elementor-gallery-item__image\" data-thumbnail=\"https:\/\/wellnessoase-mannheim.de\/wp-content\/uploads\/2023\/05\/20230518_151153-1-scaled.jpg\" data-width=\"2560\" data-height=\"1920\" aria-label=\"\" role=\"img\" ><\/div>\n\t\t\t\t\t\t\t\t\t\t\t<div class=\"elementor-gallery-item__overlay\"><\/div>\n\t\t\t\t\t\t\t\t\t\t\t\t\t\t<\/a>\n\t\t\t\t\t\t\t<a class=\"e-gallery-item elementor-gallery-item elementor-animated-content\" href=\"https:\/\/wellnessoase-mannheim.de\/wp-content\/uploads\/2025\/05\/Zdjecie-WhatsApp-2025-05-14-o-18.11.21_8c4b7b85.jpg\" data-elementor-open-lightbox=\"yes\" data-elementor-lightbox-slideshow=\"860647d\" data-elementor-lightbox-title=\"Zdj\u0119cie WhatsApp 2025-05-14 o 18.11.21_8c4b7b85\" data-e-action-hash=\"#elementor-action%3Aaction%3Dlightbox%26settings%3DeyJpZCI6MTMyNTQsInVybCI6Imh0dHBzOlwvXC93ZWxsbmVzc29hc2UtbWFubmhlaW0uZGVcL3dwLWNvbnRlbnRcL3VwbG9hZHNcLzIwMjVcLzA1XC9aZGplY2llLVdoYXRzQXBwLTIwMjUtMDUtMTQtby0xOC4xMS4yMV84YzRiN2I4NS5qcGciLCJzbGlkZXNob3ciOiI4NjA2NDdkIn0%3D\">\n\t\t\t\t\t<div class=\"e-gallery-image elementor-gallery-item__image\" data-thumbnail=\"https:\/\/wellnessoase-mannheim.de\/wp-content\/uploads\/2025\/05\/Zdjecie-WhatsApp-2025-05-14-o-18.11.21_8c4b7b85.jpg\" data-width=\"1500\" data-height=\"2000\" aria-label=\"\" role=\"img\" ><\/div>\n\t\t\t\t\t\t\t\t\t\t\t<div class=\"elementor-gallery-item__overlay\"><\/div>\n\t\t\t\t\t\t\t\t\t\t\t\t\t\t<\/a>\n\t\t\t\t\t<\/div>\n\t\t\t\t\t<\/div>\n\t\t\t\t<\/div>\n\t\t\t\t\t<\/div>\n\t\t<\/div>\n\t\t\t\t\t<\/div>\n\t\t<\/section>\n\t\t\t\t<\/div>","protected":false},"excerpt":{"rendered":"<p>VIP Goldenes Zimmer CHECK UNSER VIP Goldenes Zimmer Bitte beachten Sie, dass die Betreiberin lediglich R\u00e4ume f\u00fcr die selbst\u00e4ndigen Masseurinnen bereitstellt und hinsichtlich der von diesen angebotenen Dienstleistungen keine Leistungserbringerin ist.<\/p>","protected":false},"author":1,"featured_media":0,"parent":0,"menu_order":0,"comment_status":"closed","ping_status":"closed","template":"","meta":{"site-sidebar-layout":"no-sidebar","site-content-layout":"page-builder","ast-global-header-display":"","ast-main-header-display":"","ast-hfb-above-header-display":"","ast-hfb-below-header-display":"","ast-hfb-mobile-header-display":"","site-post-title":"disabled","ast-breadcrumbs-content":"disabled","ast-featured-img":"disabled","footer-sml-layout":"","theme-transparent-header-meta":"enabled","adv-header-id-meta":"","stick-header-meta":"default","header-above-stick-meta":"","header-main-stick-meta":"","header-below-stick-meta":"","_glsr_average":0,"_glsr_ranking":0,"_glsr_reviews":0,"footnotes":""},"class_list":["post-2393","page","type-page","status-publish","hentry"],"yoast_head":"<!-- This site is optimized with the Yoast SEO plugin v26.4 - https:\/\/yoast.com\/wordpress\/plugins\/seo\/ -->\n<title>Goldenes Zimmer - WellnessOase - Erotik Massagen in Mannheim<\/title>\n<meta name=\"robots\" content=\"index, follow, max-snippet:-1, max-image-preview:large, max-video-preview:-1\" \/>\n<link rel=\"canonical\" href=\"https:\/\/wellnessoase-mannheim.de\/pl\/goldenes-zimmer\/\" \/>\n<meta property=\"og:locale\" content=\"pl_PL\" \/>\n<meta property=\"og:type\" content=\"article\" \/>\n<meta property=\"og:title\" content=\"Goldenes Zimmer - WellnessOase - Erotik Massagen in Mannheim\" \/>\n<meta property=\"og:description\" content=\"VIP Goldenes Zimmer CHECK UNSER VIP Goldenes Zimmer Bitte beachten Sie, dass die Betreiberin lediglich R\u00e4ume f\u00fcr die selbst\u00e4ndigen Masseurinnen bereitstellt und hinsichtlich der von diesen angebotenen Dienstleistungen keine Leistungserbringerin ist.\" \/>\n<meta property=\"og:url\" content=\"https:\/\/wellnessoase-mannheim.de\/pl\/goldenes-zimmer\/\" \/>\n<meta property=\"og:site_name\" content=\"WellnessOase - Erotik Massagen in Mannheim\" \/>\n<meta property=\"article:modified_time\" content=\"2025-05-14T23:00:42+00:00\" \/>\n<meta name=\"twitter:card\" content=\"summary_large_image\" \/>\n<meta name=\"twitter:label1\" content=\"Szacowany czas czytania\" \/>\n\t<meta name=\"twitter:data1\" content=\"1 minuta\" \/>\n<script type=\"application\/ld+json\" class=\"yoast-schema-graph\">{\"@context\":\"https:\/\/schema.org\",\"@graph\":[{\"@type\":\"WebPage\",\"@id\":\"https:\/\/wellnessoase-mannheim.de\/goldenes-zimmer\/\",\"url\":\"https:\/\/wellnessoase-mannheim.de\/goldenes-zimmer\/\",\"name\":\"Goldenes Zimmer - WellnessOase - Erotik Massagen in Mannheim\",\"isPartOf\":{\"@id\":\"https:\/\/wellnessoase-mannheim.de\/#website\"},\"datePublished\":\"2023-06-05T13:25:04+00:00\",\"dateModified\":\"2025-05-14T23:00:42+00:00\",\"breadcrumb\":{\"@id\":\"https:\/\/wellnessoase-mannheim.de\/goldenes-zimmer\/#breadcrumb\"},\"inLanguage\":\"pl-PL\",\"potentialAction\":[{\"@type\":\"ReadAction\",\"target\":[\"https:\/\/wellnessoase-mannheim.de\/goldenes-zimmer\/\"]}]},{\"@type\":\"BreadcrumbList\",\"@id\":\"https:\/\/wellnessoase-mannheim.de\/goldenes-zimmer\/#breadcrumb\",\"itemListElement\":[{\"@type\":\"ListItem\",\"position\":1,\"name\":\"Strona g\u0142\u00f3wna\",\"item\":\"https:\/\/wellnessoase-mannheim.de\/\"},{\"@type\":\"ListItem\",\"position\":2,\"name\":\"Goldenes Zimmer\"}]},{\"@type\":\"WebSite\",\"@id\":\"https:\/\/wellnessoase-mannheim.de\/#website\",\"url\":\"https:\/\/wellnessoase-mannheim.de\/\",\"name\":\"WellnessOase - Erotik Massagen in Mannheim\",\"description\":\"\",\"publisher\":{\"@id\":\"https:\/\/wellnessoase-mannheim.de\/#organization\"},\"potentialAction\":[{\"@type\":\"SearchAction\",\"target\":{\"@type\":\"EntryPoint\",\"urlTemplate\":\"https:\/\/wellnessoase-mannheim.de\/?s={search_term_string}\"},\"query-input\":{\"@type\":\"PropertyValueSpecification\",\"valueRequired\":true,\"valueName\":\"search_term_string\"}}],\"inLanguage\":\"pl-PL\"},{\"@type\":\"Organization\",\"@id\":\"https:\/\/wellnessoase-mannheim.de\/#organization\",\"name\":\"WellnessOase - Erotik Massagen in Mannheim\",\"url\":\"https:\/\/wellnessoase-mannheim.de\/\",\"logo\":{\"@type\":\"ImageObject\",\"inLanguage\":\"pl-PL\",\"@id\":\"https:\/\/wellnessoase-mannheim.de\/#\/schema\/logo\/image\/\",\"url\":\"https:\/\/wellnessoase-mannheim.de\/wp-content\/uploads\/2023\/12\/logo-winter.png\",\"contentUrl\":\"https:\/\/wellnessoase-mannheim.de\/wp-content\/uploads\/2023\/12\/logo-winter.png\",\"width\":175,\"height\":129,\"caption\":\"WellnessOase - Erotik Massagen in Mannheim\"},\"image\":{\"@id\":\"https:\/\/wellnessoase-mannheim.de\/#\/schema\/logo\/image\/\"}}]}<\/script>\n<!-- \/ Yoast SEO plugin. -->","yoast_head_json":{"title":"Goldenes Zimmer - WellnessOase - Erotik Massagen in Mannheim","robots":{"index":"index","follow":"follow","max-snippet":"max-snippet:-1","max-image-preview":"max-image-preview:large","max-video-preview":"max-video-preview:-1"},"canonical":"https:\/\/wellnessoase-mannheim.de\/pl\/goldenes-zimmer\/","og_locale":"pl_PL","og_type":"article","og_title":"Goldenes Zimmer - WellnessOase - Erotik Massagen in Mannheim","og_description":"VIP Goldenes Zimmer CHECK UNSER VIP Goldenes Zimmer Bitte beachten Sie, dass die Betreiberin lediglich R\u00e4ume f\u00fcr die selbst\u00e4ndigen Masseurinnen bereitstellt und hinsichtlich der von diesen angebotenen Dienstleistungen keine Leistungserbringerin ist.","og_url":"https:\/\/wellnessoase-mannheim.de\/pl\/goldenes-zimmer\/","og_site_name":"WellnessOase - Erotik Massagen in Mannheim","article_modified_time":"2025-05-14T23:00:42+00:00","twitter_card":"summary_large_image","twitter_misc":{"Szacowany czas czytania":"1 minuta"},"schema":{"@context":"https:\/\/schema.org","@graph":[{"@type":"WebPage","@id":"https:\/\/wellnessoase-mannheim.de\/goldenes-zimmer\/","url":"https:\/\/wellnessoase-mannheim.de\/goldenes-zimmer\/","name":"Goldenes Zimmer - WellnessOase - Erotik Massagen in Mannheim","isPartOf":{"@id":"https:\/\/wellnessoase-mannheim.de\/#website"},"datePublished":"2023-06-05T13:25:04+00:00","dateModified":"2025-05-14T23:00:42+00:00","breadcrumb":{"@id":"https:\/\/wellnessoase-mannheim.de\/goldenes-zimmer\/#breadcrumb"},"inLanguage":"pl-PL","potentialAction":[{"@type":"ReadAction","target":["https:\/\/wellnessoase-mannheim.de\/goldenes-zimmer\/"]}]},{"@type":"BreadcrumbList","@id":"https:\/\/wellnessoase-mannheim.de\/goldenes-zimmer\/#breadcrumb","itemListElement":[{"@type":"ListItem","position":1,"name":"Strona g\u0142\u00f3wna","item":"https:\/\/wellnessoase-mannheim.de\/"},{"@type":"ListItem","position":2,"name":"Goldenes Zimmer"}]},{"@type":"WebSite","@id":"https:\/\/wellnessoase-mannheim.de\/#website","url":"https:\/\/wellnessoase-mannheim.de\/","name":"WellnessOase - Erotik Massagen in Mannheim","description":"","publisher":{"@id":"https:\/\/wellnessoase-mannheim.de\/#organization"},"potentialAction":[{"@type":"SearchAction","target":{"@type":"EntryPoint","urlTemplate":"https:\/\/wellnessoase-mannheim.de\/?s={search_term_string}"},"query-input":{"@type":"PropertyValueSpecification","valueRequired":true,"valueName":"search_term_string"}}],"inLanguage":"pl-PL"},{"@type":"Organization","@id":"https:\/\/wellnessoase-mannheim.de\/#organization","name":"WellnessOase - Erotik Massagen in Mannheim","url":"https:\/\/wellnessoase-mannheim.de\/","logo":{"@type":"ImageObject","inLanguage":"pl-PL","@id":"https:\/\/wellnessoase-mannheim.de\/#\/schema\/logo\/image\/","url":"https:\/\/wellnessoase-mannheim.de\/wp-content\/uploads\/2023\/12\/logo-winter.png","contentUrl":"https:\/\/wellnessoase-mannheim.de\/wp-content\/uploads\/2023\/12\/logo-winter.png","width":175,"height":129,"caption":"WellnessOase - Erotik Massagen in Mannheim"},"image":{"@id":"https:\/\/wellnessoase-mannheim.de\/#\/schema\/logo\/image\/"}}]}},"rttpg_featured_image_url":null,"rttpg_author":{"display_name":"wellnessoase","author_link":"https:\/\/wellnessoase-mannheim.de\/pl\/author\/wellnessoase\/"},"rttpg_comment":0,"rttpg_category":null,"rttpg_excerpt":"VIP Goldenes Zimmer CHECK UNSER VIP Goldenes Zimmer Bitte beachten Sie, dass die Betreiberin lediglich R\u00e4ume f\u00fcr die selbst\u00e4ndigen Masseurinnen bereitstellt und hinsichtlich der von diesen angebotenen Dienstleistungen keine Leistungserbringerin ist.","_links":{"self":[{"href":"https:\/\/wellnessoase-mannheim.de\/pl\/wp-json\/wp\/v2\/pages\/2393","targetHints":{"allow":["GET"]}}],"collection":[{"href":"https:\/\/wellnessoase-mannheim.de\/pl\/wp-json\/wp\/v2\/pages"}],"about":[{"href":"https:\/\/wellnessoase-mannheim.de\/pl\/wp-json\/wp\/v2\/types\/page"}],"author":[{"embeddable":true,"href":"https:\/\/wellnessoase-mannheim.de\/pl\/wp-json\/wp\/v2\/users\/1"}],"replies":[{"embeddable":true,"href":"https:\/\/wellnessoase-mannheim.de\/pl\/wp-json\/wp\/v2\/comments?post=2393"}],"version-history":[{"count":0,"href":"https:\/\/wellnessoase-mannheim.de\/pl\/wp-json\/wp\/v2\/pages\/2393\/revisions"}],"wp:attachment":[{"href":"https:\/\/wellnessoase-mannheim.de\/pl\/wp-json\/wp\/v2\/media?parent=2393"}],"curies":[{"name":"wp","href":"https:\/\/api.w.org\/{rel}","templated":true}]}}