{"id":2317,"date":"2023-05-30T03:22:01","date_gmt":"2023-05-30T01:22:01","guid":{"rendered":"https:\/\/wellnessoase-mannheim.de\/?page_id=2317"},"modified":"2025-05-15T01:06:28","modified_gmt":"2025-05-14T23:06:28","slug":"zimmer","status":"publish","type":"page","link":"https:\/\/wellnessoase-mannheim.de\/en\/zimmer\/","title":{"rendered":"Zimmer"},"content":{"rendered":"<div data-elementor-type=\"wp-page\" data-elementor-id=\"2317\" class=\"elementor elementor-2317\" data-elementor-post-type=\"page\">\n\t\t\t\t\t\t<section class=\"elementor-section elementor-top-section elementor-element elementor-element-5b828e3 elementor-section-boxed elementor-section-height-default elementor-section-height-default\" data-id=\"5b828e3\" data-element_type=\"section\" data-settings=\"{&quot;background_background&quot;:&quot;classic&quot;}\">\n\t\t\t\t\t\t\t<div class=\"elementor-background-overlay\"><\/div>\n\t\t\t\t\t\t\t<div class=\"elementor-container elementor-column-gap-no\">\n\t\t\t\t\t<div class=\"elementor-column elementor-col-100 elementor-top-column elementor-element elementor-element-73f9b90\" data-id=\"73f9b90\" data-element_type=\"column\">\n\t\t\t<div class=\"elementor-widget-wrap elementor-element-populated\">\n\t\t\t\t\t\t<div class=\"elementor-element elementor-element-6cb9832 elementor-widget elementor-widget-heading\" data-id=\"6cb9832\" data-element_type=\"widget\" data-widget_type=\"heading.default\">\n\t\t\t\t<div class=\"elementor-widget-container\">\n\t\t\t\t\t<h1 class=\"elementor-heading-title elementor-size-default\">Zimmer<\/h1>\t\t\t\t<\/div>\n\t\t\t\t<\/div>\n\t\t\t\t\t<\/div>\n\t\t<\/div>\n\t\t\t\t\t<\/div>\n\t\t<\/section>\n\t\t\t\t<section class=\"elementor-section elementor-top-section elementor-element elementor-element-854b221 elementor-section-boxed elementor-section-height-default elementor-section-height-default\" data-id=\"854b221\" data-element_type=\"section\" data-settings=\"{&quot;background_background&quot;:&quot;classic&quot;}\">\n\t\t\t\t\t\t<div class=\"elementor-container elementor-column-gap-default\">\n\t\t\t\t\t<div class=\"elementor-column elementor-col-100 elementor-top-column elementor-element elementor-element-0bfce40\" data-id=\"0bfce40\" data-element_type=\"column\">\n\t\t\t<div class=\"elementor-widget-wrap elementor-element-populated\">\n\t\t\t\t\t\t<div class=\"elementor-element elementor-element-83cca67 elementor-widget elementor-widget-heading\" data-id=\"83cca67\" data-element_type=\"widget\" data-widget_type=\"heading.default\">\n\t\t\t\t<div class=\"elementor-widget-container\">\n\t\t\t\t\t<h4 class=\"elementor-heading-title elementor-size-default\">OUR<\/h4>\t\t\t\t<\/div>\n\t\t\t\t<\/div>\n\t\t\t\t<div class=\"elementor-element elementor-element-b5916a0 elementor-widget elementor-widget-heading\" data-id=\"b5916a0\" data-element_type=\"widget\" data-widget_type=\"heading.default\">\n\t\t\t\t<div class=\"elementor-widget-container\">\n\t\t\t\t\t<h2 class=\"elementor-heading-title elementor-size-default\">Zimmer<\/h2>\t\t\t\t<\/div>\n\t\t\t\t<\/div>\n\t\t\t\t<div class=\"elementor-element elementor-element-97d82c1 elementor-widget elementor-widget-text-editor\" data-id=\"97d82c1\" data-element_type=\"widget\" data-widget_type=\"text-editor.default\">\n\t\t\t\t<div class=\"elementor-widget-container\">\n\t\t\t\t\t\t\t\t\tPlease note that the organizer only provides rooms for self-employed masseuses and is not a service provider for their services.\t\t\t\t\t\t\t\t<\/div>\n\t\t\t\t<\/div>\n\t\t\t\t\t<\/div>\n\t\t<\/div>\n\t\t\t\t\t<\/div>\n\t\t<\/section>\n\t\t\t\t<section class=\"elementor-section elementor-top-section elementor-element elementor-element-9ca55ae elementor-section-boxed elementor-section-height-default elementor-section-height-default\" data-id=\"9ca55ae\" data-element_type=\"section\" data-settings=\"{&quot;background_background&quot;:&quot;classic&quot;}\">\n\t\t\t\t\t\t<div class=\"elementor-container elementor-column-gap-no\">\n\t\t\t\t\t<div class=\"elementor-column elementor-col-50 elementor-top-column elementor-element elementor-element-285d1fe\" data-id=\"285d1fe\" data-element_type=\"column\" data-settings=\"{&quot;background_background&quot;:&quot;classic&quot;}\">\n\t\t\t<div class=\"elementor-widget-wrap elementor-element-populated\">\n\t\t\t\t\t<div class=\"elementor-background-overlay\"><\/div>\n\t\t\t\t\t\t<div class=\"elementor-element elementor-element-4e6e04d elementor-widget elementor-widget-icon-box\" data-id=\"4e6e04d\" data-element_type=\"widget\" data-widget_type=\"icon-box.default\">\n\t\t\t\t<div class=\"elementor-widget-container\">\n\t\t\t\t\t\t\t<div class=\"elementor-icon-box-wrapper\">\n\n\t\t\t\n\t\t\t\t\t\t<div class=\"elementor-icon-box-content\">\n\n\t\t\t\t\t\t\t\t\t<h3 class=\"elementor-icon-box-title\">\n\t\t\t\t\t\t<a href=\"https:\/\/wellnessoase-mannheim.de\/silbernes-zimmer\/\" >\n\t\t\t\t\t\t\tSILBERNES ZIMMER\t\t\t\t\t\t<\/a>\n\t\t\t\t\t<\/h3>\n\t\t\t\t\n\t\t\t\t\n\t\t\t<\/div>\n\t\t\t\n\t\t<\/div>\n\t\t\t\t\t\t<\/div>\n\t\t\t\t<\/div>\n\t\t\t\t\t<\/div>\n\t\t<\/div>\n\t\t\t\t<div class=\"elementor-column elementor-col-50 elementor-top-column elementor-element elementor-element-3120cd1\" data-id=\"3120cd1\" data-element_type=\"column\" data-settings=\"{&quot;background_background&quot;:&quot;classic&quot;}\">\n\t\t\t<div class=\"elementor-widget-wrap elementor-element-populated\">\n\t\t\t\t\t<div class=\"elementor-background-overlay\"><\/div>\n\t\t\t\t\t\t<div class=\"elementor-element elementor-element-2c1e093 elementor-widget elementor-widget-icon-box\" data-id=\"2c1e093\" data-element_type=\"widget\" data-widget_type=\"icon-box.default\">\n\t\t\t\t<div class=\"elementor-widget-container\">\n\t\t\t\t\t\t\t<div class=\"elementor-icon-box-wrapper\">\n\n\t\t\t\n\t\t\t\t\t\t<div class=\"elementor-icon-box-content\">\n\n\t\t\t\t\t\t\t\t\t<h3 class=\"elementor-icon-box-title\">\n\t\t\t\t\t\t<a href=\"https:\/\/wellnessoase-mannheim.de\/goldenes-zimmer\/\" >\n\t\t\t\t\t\t\tVIP GOLDEN ROOM\t\t\t\t\t\t<\/a>\n\t\t\t\t\t<\/h3>\n\t\t\t\t\n\t\t\t\t\n\t\t\t<\/div>\n\t\t\t\n\t\t<\/div>\n\t\t\t\t\t\t<\/div>\n\t\t\t\t<\/div>\n\t\t\t\t\t<\/div>\n\t\t<\/div>\n\t\t\t\t\t<\/div>\n\t\t<\/section>\n\t\t\t\t<section class=\"elementor-section elementor-top-section elementor-element elementor-element-b5e6d36 elementor-section-boxed elementor-section-height-default elementor-section-height-default\" data-id=\"b5e6d36\" data-element_type=\"section\" data-settings=\"{&quot;background_background&quot;:&quot;classic&quot;}\">\n\t\t\t\t\t\t<div class=\"elementor-container elementor-column-gap-no\">\n\t\t\t\t\t<div class=\"elementor-column elementor-col-50 elementor-top-column elementor-element elementor-element-ff09344\" data-id=\"ff09344\" data-element_type=\"column\" data-settings=\"{&quot;background_background&quot;:&quot;classic&quot;}\">\n\t\t\t<div class=\"elementor-widget-wrap elementor-element-populated\">\n\t\t\t\t\t<div class=\"elementor-background-overlay\"><\/div>\n\t\t\t\t\t\t<div class=\"elementor-element elementor-element-c63ee81 elementor-widget elementor-widget-icon-box\" data-id=\"c63ee81\" data-element_type=\"widget\" data-widget_type=\"icon-box.default\">\n\t\t\t\t<div class=\"elementor-widget-container\">\n\t\t\t\t\t\t\t<div class=\"elementor-icon-box-wrapper\">\n\n\t\t\t\n\t\t\t\t\t\t<div class=\"elementor-icon-box-content\">\n\n\t\t\t\t\t\t\t\t\t<h3 class=\"elementor-icon-box-title\">\n\t\t\t\t\t\t<a href=\"https:\/\/wellnessoase-mannheim.de\/schwarzes-zimmer\/\" >\n\t\t\t\t\t\t\tBlack Room\t\t\t\t\t\t<\/a>\n\t\t\t\t\t<\/h3>\n\t\t\t\t\n\t\t\t\t\n\t\t\t<\/div>\n\t\t\t\n\t\t<\/div>\n\t\t\t\t\t\t<\/div>\n\t\t\t\t<\/div>\n\t\t\t\t\t<\/div>\n\t\t<\/div>\n\t\t\t\t<div class=\"elementor-column elementor-col-50 elementor-top-column elementor-element elementor-element-a3a369d\" data-id=\"a3a369d\" data-element_type=\"column\" data-settings=\"{&quot;background_background&quot;:&quot;classic&quot;}\">\n\t\t\t<div class=\"elementor-widget-wrap elementor-element-populated\">\n\t\t\t\t\t<div class=\"elementor-background-overlay\"><\/div>\n\t\t\t\t\t\t<div class=\"elementor-element elementor-element-c34f462 elementor-widget elementor-widget-icon-box\" data-id=\"c34f462\" data-element_type=\"widget\" data-widget_type=\"icon-box.default\">\n\t\t\t\t<div class=\"elementor-widget-container\">\n\t\t\t\t\t\t\t<div class=\"elementor-icon-box-wrapper\">\n\n\t\t\t\n\t\t\t\t\t\t<div class=\"elementor-icon-box-content\">\n\n\t\t\t\t\t\t\t\t\t<h3 class=\"elementor-icon-box-title\">\n\t\t\t\t\t\t<a href=\"https:\/\/wellnessoase-mannheim.de\/pink-zimmer\/\" >\n\t\t\t\t\t\t\tPink Zimmer\t\t\t\t\t\t<\/a>\n\t\t\t\t\t<\/h3>\n\t\t\t\t\n\t\t\t\t\n\t\t\t<\/div>\n\t\t\t\n\t\t<\/div>\n\t\t\t\t\t\t<\/div>\n\t\t\t\t<\/div>\n\t\t\t\t\t<\/div>\n\t\t<\/div>\n\t\t\t\t\t<\/div>\n\t\t<\/section>\n\t\t\t\t<\/div>","protected":false},"excerpt":{"rendered":"<p>Zimmer CHECK UNSER Zimmer Bitte beachten Sie, dass die Betreiberin lediglich R\u00e4ume f\u00fcr die selbst\u00e4ndigen Masseurinnen bereitstellt und hinsichtlich der von diesen angebotenen Dienstleistungen keine Leistungserbringerin ist. SILBERNES ZIMMER VIP GOLDENES ZIMMER Schwarzes Zimmer Pink Zimmer<\/p>","protected":false},"author":1,"featured_media":0,"parent":0,"menu_order":0,"comment_status":"closed","ping_status":"closed","template":"","meta":{"site-sidebar-layout":"no-sidebar","site-content-layout":"page-builder","ast-global-header-display":"","ast-main-header-display":"","ast-hfb-above-header-display":"","ast-hfb-below-header-display":"","ast-hfb-mobile-header-display":"","site-post-title":"disabled","ast-breadcrumbs-content":"disabled","ast-featured-img":"disabled","footer-sml-layout":"","theme-transparent-header-meta":"enabled","adv-header-id-meta":"","stick-header-meta":"default","header-above-stick-meta":"","header-main-stick-meta":"","header-below-stick-meta":"","_glsr_average":0,"_glsr_ranking":0,"_glsr_reviews":0,"footnotes":""},"class_list":["post-2317","page","type-page","status-publish","hentry"],"yoast_head":"<!-- This site is optimized with the Yoast SEO plugin v26.4 - https:\/\/yoast.com\/wordpress\/plugins\/seo\/ -->\n<title>Zimmer - WellnessOase - Erotik Massagen in Mannheim<\/title>\n<meta name=\"robots\" content=\"index, follow, max-snippet:-1, max-image-preview:large, max-video-preview:-1\" \/>\n<link rel=\"canonical\" href=\"https:\/\/wellnessoase-mannheim.de\/en\/zimmer\/\" \/>\n<meta property=\"og:locale\" content=\"en_US\" \/>\n<meta property=\"og:type\" content=\"article\" \/>\n<meta property=\"og:title\" content=\"Zimmer - WellnessOase - Erotik Massagen in Mannheim\" \/>\n<meta property=\"og:description\" content=\"Zimmer CHECK UNSER Zimmer Bitte beachten Sie, dass die Betreiberin lediglich R\u00e4ume f\u00fcr die selbst\u00e4ndigen Masseurinnen bereitstellt und hinsichtlich der von diesen angebotenen Dienstleistungen keine Leistungserbringerin ist. SILBERNES ZIMMER VIP GOLDENES ZIMMER Schwarzes Zimmer Pink Zimmer\" \/>\n<meta property=\"og:url\" content=\"https:\/\/wellnessoase-mannheim.de\/en\/zimmer\/\" \/>\n<meta property=\"og:site_name\" content=\"WellnessOase - Erotik Massagen in Mannheim\" \/>\n<meta property=\"article:modified_time\" content=\"2025-05-14T23:06:28+00:00\" \/>\n<meta name=\"twitter:card\" content=\"summary_large_image\" \/>\n<meta name=\"twitter:label1\" content=\"Est. reading time\" \/>\n\t<meta name=\"twitter:data1\" content=\"1 minute\" \/>\n<script type=\"application\/ld+json\" class=\"yoast-schema-graph\">{\"@context\":\"https:\/\/schema.org\",\"@graph\":[{\"@type\":\"WebPage\",\"@id\":\"https:\/\/wellnessoase-mannheim.de\/zimmer\/\",\"url\":\"https:\/\/wellnessoase-mannheim.de\/zimmer\/\",\"name\":\"Zimmer - WellnessOase - Erotik Massagen in Mannheim\",\"isPartOf\":{\"@id\":\"https:\/\/wellnessoase-mannheim.de\/#website\"},\"datePublished\":\"2023-05-30T01:22:01+00:00\",\"dateModified\":\"2025-05-14T23:06:28+00:00\",\"breadcrumb\":{\"@id\":\"https:\/\/wellnessoase-mannheim.de\/zimmer\/#breadcrumb\"},\"inLanguage\":\"en-US\",\"potentialAction\":[{\"@type\":\"ReadAction\",\"target\":[\"https:\/\/wellnessoase-mannheim.de\/zimmer\/\"]}]},{\"@type\":\"BreadcrumbList\",\"@id\":\"https:\/\/wellnessoase-mannheim.de\/zimmer\/#breadcrumb\",\"itemListElement\":[{\"@type\":\"ListItem\",\"position\":1,\"name\":\"Strona g\u0142\u00f3wna\",\"item\":\"https:\/\/wellnessoase-mannheim.de\/\"},{\"@type\":\"ListItem\",\"position\":2,\"name\":\"Zimmer\"}]},{\"@type\":\"WebSite\",\"@id\":\"https:\/\/wellnessoase-mannheim.de\/#website\",\"url\":\"https:\/\/wellnessoase-mannheim.de\/\",\"name\":\"WellnessOase - Erotik Massagen in Mannheim\",\"description\":\"\",\"publisher\":{\"@id\":\"https:\/\/wellnessoase-mannheim.de\/#organization\"},\"potentialAction\":[{\"@type\":\"SearchAction\",\"target\":{\"@type\":\"EntryPoint\",\"urlTemplate\":\"https:\/\/wellnessoase-mannheim.de\/?s={search_term_string}\"},\"query-input\":{\"@type\":\"PropertyValueSpecification\",\"valueRequired\":true,\"valueName\":\"search_term_string\"}}],\"inLanguage\":\"en-US\"},{\"@type\":\"Organization\",\"@id\":\"https:\/\/wellnessoase-mannheim.de\/#organization\",\"name\":\"WellnessOase - Erotik Massagen in Mannheim\",\"url\":\"https:\/\/wellnessoase-mannheim.de\/\",\"logo\":{\"@type\":\"ImageObject\",\"inLanguage\":\"en-US\",\"@id\":\"https:\/\/wellnessoase-mannheim.de\/#\/schema\/logo\/image\/\",\"url\":\"https:\/\/wellnessoase-mannheim.de\/wp-content\/uploads\/2023\/12\/logo-winter.png\",\"contentUrl\":\"https:\/\/wellnessoase-mannheim.de\/wp-content\/uploads\/2023\/12\/logo-winter.png\",\"width\":175,\"height\":129,\"caption\":\"WellnessOase - Erotik Massagen in Mannheim\"},\"image\":{\"@id\":\"https:\/\/wellnessoase-mannheim.de\/#\/schema\/logo\/image\/\"}}]}<\/script>\n<!-- \/ Yoast SEO plugin. -->","yoast_head_json":{"title":"Zimmer - WellnessOase - Erotik Massagen in Mannheim","robots":{"index":"index","follow":"follow","max-snippet":"max-snippet:-1","max-image-preview":"max-image-preview:large","max-video-preview":"max-video-preview:-1"},"canonical":"https:\/\/wellnessoase-mannheim.de\/en\/zimmer\/","og_locale":"en_US","og_type":"article","og_title":"Zimmer - WellnessOase - Erotik Massagen in Mannheim","og_description":"Zimmer CHECK UNSER Zimmer Bitte beachten Sie, dass die Betreiberin lediglich R\u00e4ume f\u00fcr die selbst\u00e4ndigen Masseurinnen bereitstellt und hinsichtlich der von diesen angebotenen Dienstleistungen keine Leistungserbringerin ist. SILBERNES ZIMMER VIP GOLDENES ZIMMER Schwarzes Zimmer Pink Zimmer","og_url":"https:\/\/wellnessoase-mannheim.de\/en\/zimmer\/","og_site_name":"WellnessOase - Erotik Massagen in Mannheim","article_modified_time":"2025-05-14T23:06:28+00:00","twitter_card":"summary_large_image","twitter_misc":{"Est. reading time":"1 minute"},"schema":{"@context":"https:\/\/schema.org","@graph":[{"@type":"WebPage","@id":"https:\/\/wellnessoase-mannheim.de\/zimmer\/","url":"https:\/\/wellnessoase-mannheim.de\/zimmer\/","name":"Zimmer - WellnessOase - Erotik Massagen in Mannheim","isPartOf":{"@id":"https:\/\/wellnessoase-mannheim.de\/#website"},"datePublished":"2023-05-30T01:22:01+00:00","dateModified":"2025-05-14T23:06:28+00:00","breadcrumb":{"@id":"https:\/\/wellnessoase-mannheim.de\/zimmer\/#breadcrumb"},"inLanguage":"en-US","potentialAction":[{"@type":"ReadAction","target":["https:\/\/wellnessoase-mannheim.de\/zimmer\/"]}]},{"@type":"BreadcrumbList","@id":"https:\/\/wellnessoase-mannheim.de\/zimmer\/#breadcrumb","itemListElement":[{"@type":"ListItem","position":1,"name":"Strona g\u0142\u00f3wna","item":"https:\/\/wellnessoase-mannheim.de\/"},{"@type":"ListItem","position":2,"name":"Zimmer"}]},{"@type":"WebSite","@id":"https:\/\/wellnessoase-mannheim.de\/#website","url":"https:\/\/wellnessoase-mannheim.de\/","name":"WellnessOase - Erotik Massagen in Mannheim","description":"","publisher":{"@id":"https:\/\/wellnessoase-mannheim.de\/#organization"},"potentialAction":[{"@type":"SearchAction","target":{"@type":"EntryPoint","urlTemplate":"https:\/\/wellnessoase-mannheim.de\/?s={search_term_string}"},"query-input":{"@type":"PropertyValueSpecification","valueRequired":true,"valueName":"search_term_string"}}],"inLanguage":"en-US"},{"@type":"Organization","@id":"https:\/\/wellnessoase-mannheim.de\/#organization","name":"WellnessOase - Erotik Massagen in Mannheim","url":"https:\/\/wellnessoase-mannheim.de\/","logo":{"@type":"ImageObject","inLanguage":"en-US","@id":"https:\/\/wellnessoase-mannheim.de\/#\/schema\/logo\/image\/","url":"https:\/\/wellnessoase-mannheim.de\/wp-content\/uploads\/2023\/12\/logo-winter.png","contentUrl":"https:\/\/wellnessoase-mannheim.de\/wp-content\/uploads\/2023\/12\/logo-winter.png","width":175,"height":129,"caption":"WellnessOase - Erotik Massagen in Mannheim"},"image":{"@id":"https:\/\/wellnessoase-mannheim.de\/#\/schema\/logo\/image\/"}}]}},"rttpg_featured_image_url":null,"rttpg_author":{"display_name":"wellnessoase","author_link":"https:\/\/wellnessoase-mannheim.de\/en\/author\/wellnessoase\/"},"rttpg_comment":0,"rttpg_category":null,"rttpg_excerpt":"Zimmer CHECK UNSER Zimmer Bitte beachten Sie, dass die Betreiberin lediglich R\u00e4ume f\u00fcr die selbst\u00e4ndigen Masseurinnen bereitstellt und hinsichtlich der von diesen angebotenen Dienstleistungen keine Leistungserbringerin ist. SILBERNES ZIMMER VIP GOLDENES ZIMMER Schwarzes Zimmer Pink Zimmer","_links":{"self":[{"href":"https:\/\/wellnessoase-mannheim.de\/en\/wp-json\/wp\/v2\/pages\/2317","targetHints":{"allow":["GET"]}}],"collection":[{"href":"https:\/\/wellnessoase-mannheim.de\/en\/wp-json\/wp\/v2\/pages"}],"about":[{"href":"https:\/\/wellnessoase-mannheim.de\/en\/wp-json\/wp\/v2\/types\/page"}],"author":[{"embeddable":true,"href":"https:\/\/wellnessoase-mannheim.de\/en\/wp-json\/wp\/v2\/users\/1"}],"replies":[{"embeddable":true,"href":"https:\/\/wellnessoase-mannheim.de\/en\/wp-json\/wp\/v2\/comments?post=2317"}],"version-history":[{"count":0,"href":"https:\/\/wellnessoase-mannheim.de\/en\/wp-json\/wp\/v2\/pages\/2317\/revisions"}],"wp:attachment":[{"href":"https:\/\/wellnessoase-mannheim.de\/en\/wp-json\/wp\/v2\/media?parent=2317"}],"curies":[{"name":"wp","href":"https:\/\/api.w.org\/{rel}","templated":true}]}}