{"id":1007,"date":"2023-05-04T11:18:05","date_gmt":"2023-05-04T09:18:05","guid":{"rendered":"http:\/\/webpl.e-kei.pl\/wellnessoase\/?page_id=1007"},"modified":"2025-05-14T18:28:15","modified_gmt":"2025-05-14T16:28:15","slug":"job","status":"publish","type":"page","link":"https:\/\/wellnessoase-mannheim.de\/en\/job\/","title":{"rendered":"Job"},"content":{"rendered":"<div data-elementor-type=\"wp-page\" data-elementor-id=\"1007\" class=\"elementor elementor-1007\" data-elementor-post-type=\"page\">\n\t\t\t\t\t\t<section class=\"elementor-section elementor-top-section elementor-element elementor-element-5b828e3 elementor-section-boxed elementor-section-height-default elementor-section-height-default\" data-id=\"5b828e3\" data-element_type=\"section\" data-settings=\"{&quot;background_background&quot;:&quot;classic&quot;}\">\n\t\t\t\t\t\t\t<div class=\"elementor-background-overlay\"><\/div>\n\t\t\t\t\t\t\t<div class=\"elementor-container elementor-column-gap-no\">\n\t\t\t\t\t<div class=\"elementor-column elementor-col-100 elementor-top-column elementor-element elementor-element-73f9b90\" data-id=\"73f9b90\" data-element_type=\"column\">\n\t\t\t<div class=\"elementor-widget-wrap elementor-element-populated\">\n\t\t\t\t\t\t<div class=\"elementor-element elementor-element-6cb9832 elementor-widget elementor-widget-heading\" data-id=\"6cb9832\" data-element_type=\"widget\" data-widget_type=\"heading.default\">\n\t\t\t\t<div class=\"elementor-widget-container\">\n\t\t\t\t\t<h1 class=\"elementor-heading-title elementor-size-default\">JOB<\/h1>\t\t\t\t<\/div>\n\t\t\t\t<\/div>\n\t\t\t\t\t<\/div>\n\t\t<\/div>\n\t\t\t\t\t<\/div>\n\t\t<\/section>\n\t\t\t\t<section class=\"elementor-section elementor-top-section elementor-element elementor-element-854b221 elementor-section-boxed elementor-section-height-default elementor-section-height-default\" data-id=\"854b221\" data-element_type=\"section\" data-settings=\"{&quot;background_background&quot;:&quot;classic&quot;}\">\n\t\t\t\t\t\t<div class=\"elementor-container elementor-column-gap-default\">\n\t\t\t\t\t<div class=\"elementor-column elementor-col-100 elementor-top-column elementor-element elementor-element-0bfce40\" data-id=\"0bfce40\" data-element_type=\"column\">\n\t\t\t<div class=\"elementor-widget-wrap elementor-element-populated\">\n\t\t\t\t\t\t<div class=\"elementor-element elementor-element-b5916a0 elementor-widget elementor-widget-heading\" data-id=\"b5916a0\" data-element_type=\"widget\" data-widget_type=\"heading.default\">\n\t\t\t\t<div class=\"elementor-widget-container\">\n\t\t\t\t\t<h2 class=\"elementor-heading-title elementor-size-default\">JOB<\/h2>\t\t\t\t<\/div>\n\t\t\t\t<\/div>\n\t\t\t\t<div class=\"elementor-element elementor-element-97d82c1 elementor-widget elementor-widget-text-editor\" data-id=\"97d82c1\" data-element_type=\"widget\" data-widget_type=\"text-editor.default\">\n\t\t\t\t<div class=\"elementor-widget-container\">\n\t\t\t\t\t\t\t\t\t<p>***TOP JOBANGEBOT***<\/p><p>Der erfolgreichste Erotik-Massagesalon in Baden-W\u00fcrttemberg!<\/p><p>Wellness Oase Mannheim polnischer Salon mit 25 Jahren Erfahrung auf dem deutschen Markt sucht tatkr\u00e4ftige und motivierte Masseurinnen zur Mitarbeit.<\/p><p>Wellness Oase ist ein einzigartiger Ort. In dieser Zeit haben wir die n\u00f6tige Erfahrung gesammelt. Dies erm\u00f6glicht uns, unsere Massagen auf h\u00f6chstem Niveau anzubieten.<\/p><p>Wir haben einen gro\u00dfen Kundenstamm, soziale Medien, unsere Anzeigen werden von fast 50.000 Menschen pro Tag gesehen. Wir garantieren professionelle Premium-Werbekampagnen auf den besten Werbeportalen in ganz Deutschland, Frankreich und lokalen Zeitungen. Wir kooperieren mit lokalen Unternehmen, Hotels, Restaurants. Unsere Kampagnen sind die bestplatzierten in ganz Deutschland!<\/p><p>Wir freuen uns, Ihnen mitteilen zu k\u00f6nnen, dass unser Unternehmen eine Partnerschaft mit Google eingegangen ist, um zuk\u00fcnftige Technologien zu entwickeln! Im Rahmen dieser Zusammenarbeit konzentrieren wir uns auf k\u00fcnstliche Intelligenz (KI), die es uns erm\u00f6glicht, bahnbrechende L\u00f6sungen anzubieten, die die Arbeitsweise von Unternehmen ver\u00e4ndern und die Qualit\u00e4t des t\u00e4glichen Lebens verbessern.<\/p><p>Durch unsere Zusammenarbeit und den Einsatz der neuesten KI-Technologien k\u00f6nnen wir<\/p><p>*optimieren wir Gesch\u00e4ftsprozesse,<\/p><p>*Implementieren wir intelligente L\u00f6sungen im Bereich der Datenanalytik,<\/p><p>*Wir erleichtern die Kommunikation und steigern die Effizienz von Unternehmen.<\/p><p>WIR LASSEN DIE KONKURRENZ HINTER UNS!<\/p><p>\u00a0<\/p><p>Wir ben\u00f6tigen:<\/p><p>*Erfahrung in einem Salon oder Spa ist von Vorteil.<\/p><p>*Teamf\u00e4higkeit<\/p><p>*Offenheit und Kommunikationsf\u00e4higkeit<\/p><p>*Hohe pers\u00f6nliche Kultur und Professionalit\u00e4t<\/p><p>*F\u00e4higkeit, eine Beziehung zu den Kunden aufzubauen.<\/p><p>*Kenntnisse in Englisch oder einer anderen Fremdsprache (willkommen).<\/p><p>We offer:<\/p><p>*Unterkunft<\/p><p>*Unterst\u00fctzung bei Reisen<\/p><p>*freundlicher Arbeitsplatz und Teamunterst\u00fctzung<\/p><p>*Video, TV<\/p><p>*Massageeinrichtungen<\/p><p>*exklusiver Salon mit hohem Standard und langer Tradition<\/p><p>*Wir stellen alle notwendigen Mittel f\u00fcr das t\u00e4gliche Leben zur Verf\u00fcgung.<\/p><p>Die Fl\u00e4che des Salons betr\u00e4gt 300 m2. Die Anlage ist mit Kameras und Alarmsystemen ausgestattet. Die Sicherheit ist die Grundlage. Der Salon verf\u00fcgt \u00fcber moderne R\u00e4ume.<\/p><p>Alle Fotos sowie Informationen k\u00f6nnen auf der offiziellen Website eingesehen werden.<\/p><p>Wir befinden uns in einer wohlhabenden Region Deutschlands hohe Preise garantieren einen hohen Verdienst.<\/p><p>Sie k\u00f6nnen uns auch auf unserer Website, Instagram, Facebook, Google, Twitter finden.<\/p><p>Don't wait until it's too late!<\/p><p>Bei Interesse kontaktiere uns bitte per Telefon, App oder E-Mail.<\/p><p>Nichts ist f\u00fcr uns unm\u00f6glich! Wir k\u00fcmmern uns um jedes Detail!<\/p><p>Wir freuen uns auf Ihre Bewerbung!<\/p><p>Mit freundlichen Gr\u00fc\u00dfen an das Team Wellness Oase!<\/p><p>\u00a0<\/p>\t\t\t\t\t\t\t\t<\/div>\n\t\t\t\t<\/div>\n\t\t\t\t<div class=\"elementor-element elementor-element-f19a71c elementor-widget__width-inherit elementor-absolute myRibbon elementor-widget elementor-widget-heading\" data-id=\"f19a71c\" data-element_type=\"widget\" data-settings=\"{&quot;_position&quot;:&quot;absolute&quot;}\" data-widget_type=\"heading.default\">\n\t\t\t\t<div class=\"elementor-widget-container\">\n\t\t\t\t\t<h2 class=\"elementor-heading-title elementor-size-default\">ONLINE<\/h2>\t\t\t\t<\/div>\n\t\t\t\t<\/div>\n\t\t\t\t\t<\/div>\n\t\t<\/div>\n\t\t\t\t\t<\/div>\n\t\t<\/section>\n\t\t\t\t<\/div>","protected":false},"excerpt":{"rendered":"<p>JOB JOB ***TOP JOBANGEBOT*** Der erfolgreichste Erotik-Massagesalon in Baden-W\u00fcrttemberg! Wellness Oase Mannheim polnischer Salon mit 25 Jahren Erfahrung auf dem deutschen Markt sucht tatkr\u00e4ftige und motivierte Masseurinnen zur Mitarbeit. Wellness Oase ist ein einzigartiger Ort. In dieser Zeit haben wir die n\u00f6tige Erfahrung gesammelt. Dies erm\u00f6glicht uns, unsere Massagen auf h\u00f6chstem Niveau anzubieten. Wir haben &hellip;<\/p>\n<p class=\"read-more\"> <a class=\"\" href=\"https:\/\/wellnessoase-mannheim.de\/en\/job\/\"> <span class=\"screen-reader-text\">Job<\/span> Read More \u00bb<\/a><\/p>","protected":false},"author":1,"featured_media":0,"parent":0,"menu_order":0,"comment_status":"closed","ping_status":"closed","template":"","meta":{"site-sidebar-layout":"no-sidebar","site-content-layout":"page-builder","ast-global-header-display":"","ast-main-header-display":"","ast-hfb-above-header-display":"","ast-hfb-below-header-display":"","ast-hfb-mobile-header-display":"","site-post-title":"disabled","ast-breadcrumbs-content":"disabled","ast-featured-img":"disabled","footer-sml-layout":"","theme-transparent-header-meta":"enabled","adv-header-id-meta":"","stick-header-meta":"default","header-above-stick-meta":"","header-main-stick-meta":"","header-below-stick-meta":"","_glsr_average":0,"_glsr_ranking":0,"_glsr_reviews":0,"footnotes":""},"class_list":["post-1007","page","type-page","status-publish","hentry"],"yoast_head":"<!-- This site is optimized with the Yoast SEO plugin v26.4 - https:\/\/yoast.com\/wordpress\/plugins\/seo\/ -->\n<title>Job - WellnessOase - Erotik Massagen in Mannheim<\/title>\n<meta name=\"robots\" content=\"index, follow, max-snippet:-1, max-image-preview:large, max-video-preview:-1\" \/>\n<link rel=\"canonical\" href=\"https:\/\/wellnessoase-mannheim.de\/en\/job\/\" \/>\n<meta property=\"og:locale\" content=\"en_US\" \/>\n<meta property=\"og:type\" content=\"article\" \/>\n<meta property=\"og:title\" content=\"Job - WellnessOase - Erotik Massagen in Mannheim\" \/>\n<meta property=\"og:description\" content=\"JOB JOB ***TOP JOBANGEBOT*** Der erfolgreichste Erotik-Massagesalon in Baden-W\u00fcrttemberg! Wellness Oase Mannheim polnischer Salon mit 25 Jahren Erfahrung auf dem deutschen Markt sucht tatkr\u00e4ftige und motivierte Masseurinnen zur Mitarbeit. Wellness Oase ist ein einzigartiger Ort. In dieser Zeit haben wir die n\u00f6tige Erfahrung gesammelt. Dies erm\u00f6glicht uns, unsere Massagen auf h\u00f6chstem Niveau anzubieten. Wir haben &hellip; Job Read More \u00bb\" \/>\n<meta property=\"og:url\" content=\"https:\/\/wellnessoase-mannheim.de\/en\/job\/\" \/>\n<meta property=\"og:site_name\" content=\"WellnessOase - Erotik Massagen in Mannheim\" \/>\n<meta property=\"article:modified_time\" content=\"2025-05-14T16:28:15+00:00\" \/>\n<meta name=\"twitter:card\" content=\"summary_large_image\" \/>\n<meta name=\"twitter:label1\" content=\"Est. reading time\" \/>\n\t<meta name=\"twitter:data1\" content=\"3 minutes\" \/>\n<script type=\"application\/ld+json\" class=\"yoast-schema-graph\">{\"@context\":\"https:\/\/schema.org\",\"@graph\":[{\"@type\":\"WebPage\",\"@id\":\"https:\/\/wellnessoase-mannheim.de\/job\/\",\"url\":\"https:\/\/wellnessoase-mannheim.de\/job\/\",\"name\":\"Job - WellnessOase - Erotik Massagen in Mannheim\",\"isPartOf\":{\"@id\":\"https:\/\/wellnessoase-mannheim.de\/#website\"},\"datePublished\":\"2023-05-04T09:18:05+00:00\",\"dateModified\":\"2025-05-14T16:28:15+00:00\",\"breadcrumb\":{\"@id\":\"https:\/\/wellnessoase-mannheim.de\/job\/#breadcrumb\"},\"inLanguage\":\"en-US\",\"potentialAction\":[{\"@type\":\"ReadAction\",\"target\":[\"https:\/\/wellnessoase-mannheim.de\/job\/\"]}]},{\"@type\":\"BreadcrumbList\",\"@id\":\"https:\/\/wellnessoase-mannheim.de\/job\/#breadcrumb\",\"itemListElement\":[{\"@type\":\"ListItem\",\"position\":1,\"name\":\"Strona g\u0142\u00f3wna\",\"item\":\"https:\/\/wellnessoase-mannheim.de\/\"},{\"@type\":\"ListItem\",\"position\":2,\"name\":\"Job\"}]},{\"@type\":\"WebSite\",\"@id\":\"https:\/\/wellnessoase-mannheim.de\/#website\",\"url\":\"https:\/\/wellnessoase-mannheim.de\/\",\"name\":\"WellnessOase - Erotik Massagen in Mannheim\",\"description\":\"\",\"publisher\":{\"@id\":\"https:\/\/wellnessoase-mannheim.de\/#organization\"},\"potentialAction\":[{\"@type\":\"SearchAction\",\"target\":{\"@type\":\"EntryPoint\",\"urlTemplate\":\"https:\/\/wellnessoase-mannheim.de\/?s={search_term_string}\"},\"query-input\":{\"@type\":\"PropertyValueSpecification\",\"valueRequired\":true,\"valueName\":\"search_term_string\"}}],\"inLanguage\":\"en-US\"},{\"@type\":\"Organization\",\"@id\":\"https:\/\/wellnessoase-mannheim.de\/#organization\",\"name\":\"WellnessOase - Erotik Massagen in Mannheim\",\"url\":\"https:\/\/wellnessoase-mannheim.de\/\",\"logo\":{\"@type\":\"ImageObject\",\"inLanguage\":\"en-US\",\"@id\":\"https:\/\/wellnessoase-mannheim.de\/#\/schema\/logo\/image\/\",\"url\":\"https:\/\/wellnessoase-mannheim.de\/wp-content\/uploads\/2023\/12\/logo-winter.png\",\"contentUrl\":\"https:\/\/wellnessoase-mannheim.de\/wp-content\/uploads\/2023\/12\/logo-winter.png\",\"width\":175,\"height\":129,\"caption\":\"WellnessOase - Erotik Massagen in Mannheim\"},\"image\":{\"@id\":\"https:\/\/wellnessoase-mannheim.de\/#\/schema\/logo\/image\/\"}}]}<\/script>\n<!-- \/ Yoast SEO plugin. -->","yoast_head_json":{"title":"Job - WellnessOase - Erotik Massagen in Mannheim","robots":{"index":"index","follow":"follow","max-snippet":"max-snippet:-1","max-image-preview":"max-image-preview:large","max-video-preview":"max-video-preview:-1"},"canonical":"https:\/\/wellnessoase-mannheim.de\/en\/job\/","og_locale":"en_US","og_type":"article","og_title":"Job - WellnessOase - Erotik Massagen in Mannheim","og_description":"JOB JOB ***TOP JOBANGEBOT*** Der erfolgreichste Erotik-Massagesalon in Baden-W\u00fcrttemberg! Wellness Oase Mannheim polnischer Salon mit 25 Jahren Erfahrung auf dem deutschen Markt sucht tatkr\u00e4ftige und motivierte Masseurinnen zur Mitarbeit. Wellness Oase ist ein einzigartiger Ort. In dieser Zeit haben wir die n\u00f6tige Erfahrung gesammelt. Dies erm\u00f6glicht uns, unsere Massagen auf h\u00f6chstem Niveau anzubieten. Wir haben &hellip; Job Read More \u00bb","og_url":"https:\/\/wellnessoase-mannheim.de\/en\/job\/","og_site_name":"WellnessOase - Erotik Massagen in Mannheim","article_modified_time":"2025-05-14T16:28:15+00:00","twitter_card":"summary_large_image","twitter_misc":{"Est. reading time":"3 minutes"},"schema":{"@context":"https:\/\/schema.org","@graph":[{"@type":"WebPage","@id":"https:\/\/wellnessoase-mannheim.de\/job\/","url":"https:\/\/wellnessoase-mannheim.de\/job\/","name":"Job - WellnessOase - Erotik Massagen in Mannheim","isPartOf":{"@id":"https:\/\/wellnessoase-mannheim.de\/#website"},"datePublished":"2023-05-04T09:18:05+00:00","dateModified":"2025-05-14T16:28:15+00:00","breadcrumb":{"@id":"https:\/\/wellnessoase-mannheim.de\/job\/#breadcrumb"},"inLanguage":"en-US","potentialAction":[{"@type":"ReadAction","target":["https:\/\/wellnessoase-mannheim.de\/job\/"]}]},{"@type":"BreadcrumbList","@id":"https:\/\/wellnessoase-mannheim.de\/job\/#breadcrumb","itemListElement":[{"@type":"ListItem","position":1,"name":"Strona g\u0142\u00f3wna","item":"https:\/\/wellnessoase-mannheim.de\/"},{"@type":"ListItem","position":2,"name":"Job"}]},{"@type":"WebSite","@id":"https:\/\/wellnessoase-mannheim.de\/#website","url":"https:\/\/wellnessoase-mannheim.de\/","name":"WellnessOase - Erotik Massagen in Mannheim","description":"","publisher":{"@id":"https:\/\/wellnessoase-mannheim.de\/#organization"},"potentialAction":[{"@type":"SearchAction","target":{"@type":"EntryPoint","urlTemplate":"https:\/\/wellnessoase-mannheim.de\/?s={search_term_string}"},"query-input":{"@type":"PropertyValueSpecification","valueRequired":true,"valueName":"search_term_string"}}],"inLanguage":"en-US"},{"@type":"Organization","@id":"https:\/\/wellnessoase-mannheim.de\/#organization","name":"WellnessOase - Erotik Massagen in Mannheim","url":"https:\/\/wellnessoase-mannheim.de\/","logo":{"@type":"ImageObject","inLanguage":"en-US","@id":"https:\/\/wellnessoase-mannheim.de\/#\/schema\/logo\/image\/","url":"https:\/\/wellnessoase-mannheim.de\/wp-content\/uploads\/2023\/12\/logo-winter.png","contentUrl":"https:\/\/wellnessoase-mannheim.de\/wp-content\/uploads\/2023\/12\/logo-winter.png","width":175,"height":129,"caption":"WellnessOase - Erotik Massagen in Mannheim"},"image":{"@id":"https:\/\/wellnessoase-mannheim.de\/#\/schema\/logo\/image\/"}}]}},"rttpg_featured_image_url":null,"rttpg_author":{"display_name":"wellnessoase","author_link":"https:\/\/wellnessoase-mannheim.de\/en\/author\/wellnessoase\/"},"rttpg_comment":0,"rttpg_category":null,"rttpg_excerpt":"JOB JOB ***TOP JOBANGEBOT*** Der erfolgreichste Erotik-Massagesalon in Baden-W\u00fcrttemberg! Wellness Oase Mannheim polnischer Salon mit 25 Jahren Erfahrung auf dem deutschen Markt sucht tatkr\u00e4ftige und motivierte Masseurinnen zur Mitarbeit. Wellness Oase ist ein einzigartiger Ort. In dieser Zeit haben wir die n\u00f6tige Erfahrung gesammelt. Dies erm\u00f6glicht uns, unsere Massagen auf h\u00f6chstem Niveau anzubieten. Wir haben&hellip;","_links":{"self":[{"href":"https:\/\/wellnessoase-mannheim.de\/en\/wp-json\/wp\/v2\/pages\/1007","targetHints":{"allow":["GET"]}}],"collection":[{"href":"https:\/\/wellnessoase-mannheim.de\/en\/wp-json\/wp\/v2\/pages"}],"about":[{"href":"https:\/\/wellnessoase-mannheim.de\/en\/wp-json\/wp\/v2\/types\/page"}],"author":[{"embeddable":true,"href":"https:\/\/wellnessoase-mannheim.de\/en\/wp-json\/wp\/v2\/users\/1"}],"replies":[{"embeddable":true,"href":"https:\/\/wellnessoase-mannheim.de\/en\/wp-json\/wp\/v2\/comments?post=1007"}],"version-history":[{"count":0,"href":"https:\/\/wellnessoase-mannheim.de\/en\/wp-json\/wp\/v2\/pages\/1007\/revisions"}],"wp:attachment":[{"href":"https:\/\/wellnessoase-mannheim.de\/en\/wp-json\/wp\/v2\/media?parent=1007"}],"curies":[{"name":"wp","href":"https:\/\/api.w.org\/{rel}","templated":true}]}}